{"id":149,"date":"2023-05-12T13:32:48","date_gmt":"2023-05-12T17:32:48","guid":{"rendered":"https:\/\/laserplus.ca\/sherbrooke\/?page_id=149"},"modified":"2025-12-02T06:13:54","modified_gmt":"2025-12-02T11:13:54","slug":"certificats-cadeaux","status":"publish","type":"page","link":"https:\/\/laserplus.ca\/sherbrooke\/certificats-cadeaux\/","title":{"rendered":"Certificats cadeaux"},"content":{"rendered":"<div class=\"fusion-fullwidth fullwidth-box fusion-builder-row-1 fusion-flex-container has-pattern-background has-mask-background nonhundred-percent-fullwidth non-hundred-percent-height-scrolling\" style=\"--awb-border-radius-top-left:0px;--awb-border-radius-top-right:0px;--awb-border-radius-bottom-right:0px;--awb-border-radius-bottom-left:0px;--awb-flex-wrap:wrap;\" ><div class=\"fusion-builder-row fusion-row fusion-flex-align-items-flex-start fusion-flex-content-wrap\" style=\"max-width:1696px;margin-left: calc(-6% \/ 2 );margin-right: calc(-6% \/ 2 );\"><div class=\"fusion-layout-column fusion_builder_column fusion-builder-column-0 fusion_builder_column_1_1 1_1 fusion-flex-column\" style=\"--awb-bg-size:cover;--awb-width-large:100%;--awb-margin-top-large:0px;--awb-spacing-right-large:2.82%;--awb-margin-bottom-large:80px;--awb-spacing-left-large:2.82%;--awb-width-medium:100%;--awb-order-medium:0;--awb-spacing-right-medium:2.82%;--awb-spacing-left-medium:2.82%;--awb-width-small:100%;--awb-order-small:0;--awb-spacing-right-small:2.82%;--awb-spacing-left-small:2.82%;\"><div class=\"fusion-column-wrapper fusion-column-has-shadow fusion-flex-justify-content-flex-start fusion-content-layout-column\"><div class=\"fusion-title title fusion-title-1 fusion-sep-none fusion-title-center fusion-title-text fusion-title-size-two style-h1\" style=\"--awb-margin-top:0px;--awb-margin-bottom:0px;--awb-margin-top-small:0px;\"><h2 class=\"fusion-title-heading title-heading-center\" style=\"margin:0;text-transform:uppercase;\">Cadeau parfait<\/h2><\/div><div class=\"fusion-title title fusion-title-2 fusion-sep-none fusion-title-center fusion-title-text fusion-title-size-two\" style=\"--awb-margin-top:0px;--awb-margin-top-small:0px;\"><h2 class=\"fusion-title-heading title-heading-center\" style=\"margin:0;text-transform:uppercase;\">Pour tous les membres de la famille et vos amis!<\/h2><\/div><div class=\"fusion-text fusion-text-1\"><p style=\"text-align: center;\">Offrez une exp\u00e9rience inoubliable avec nos certificats-cadeaux Laser Plus Sherbrooke ! Parfaits pour tous les \u00e2ges et toutes les occasions, nos certificats-cadeaux permettent de profiter de nos activit\u00e9s interactives telles que le laser tag, le mini putt fluorescent et les jeux virtuels. Que ce soit pour un anniversaire, une f\u00eate ou simplement pour faire plaisir, nos certificats-cadeaux sont une id\u00e9e originale et excitante. Achetez d\u00e8s maintenant et faites plaisir \u00e0 vos proches !<\/p>\n<\/div><\/div><\/div><div class=\"fusion-layout-column fusion_builder_column fusion-builder-column-1 fusion_builder_column_1_1 1_1 fusion-flex-column\" style=\"--awb-bg-size:cover;--awb-width-large:100%;--awb-margin-top-large:0px;--awb-spacing-right-large:2.82%;--awb-margin-bottom-large:80px;--awb-spacing-left-large:2.82%;--awb-width-medium:100%;--awb-order-medium:0;--awb-spacing-right-medium:2.82%;--awb-spacing-left-medium:2.82%;--awb-width-small:100%;--awb-order-small:0;--awb-spacing-right-small:2.82%;--awb-spacing-left-small:2.82%;\"><div class=\"fusion-column-wrapper fusion-column-has-shadow fusion-flex-justify-content-flex-start fusion-content-layout-column\"><script type=\"text\/javascript\" src=\"https:\/\/bookeo.com\/widget.js?a=41563NEE3R317D1E9926FC&languageCode=fr_FR&startmode=buyvoucher\"><\/script>\n<\/div><\/div><\/div><\/div>\n","protected":false},"excerpt":{"rendered":"","protected":false},"author":2,"featured_media":0,"parent":0,"menu_order":0,"comment_status":"closed","ping_status":"closed","template":"100-width.php","meta":{"_acf_changed":false,"footnotes":""},"class_list":["post-149","page","type-page","status-publish","hentry"],"acf":[],"yoast_head":"<!-- This site is optimized with the Yoast SEO plugin v24.3 - https:\/\/yoast.com\/wordpress\/plugins\/seo\/ -->\n<title>Certificats Cadeaux Laser Plus Sherbrooke - Le Cadeau Parfait<\/title>\n<meta name=\"description\" content=\"Offrez l&#039;exp\u00e9rience Laser Plus Sherbrooke avec nos certificats cadeaux. Le cadeau parfait pour tous, alliant divertissement et aventure.\" \/>\n<meta name=\"robots\" content=\"index, follow, max-snippet:-1, max-image-preview:large, max-video-preview:-1\" \/>\n<link rel=\"canonical\" href=\"https:\/\/laserplus.ca\/sherbrooke\/certificats-cadeaux\/\" \/>\n<meta property=\"og:locale\" content=\"fr_FR\" \/>\n<meta property=\"og:type\" content=\"article\" \/>\n<meta property=\"og:title\" content=\"Certificats Cadeaux Laser Plus Sherbrooke - Le Cadeau Parfait\" \/>\n<meta property=\"og:description\" content=\"Offrez l&#039;exp\u00e9rience Laser Plus Sherbrooke avec nos certificats cadeaux. Le cadeau parfait pour tous, alliant divertissement et aventure.\" \/>\n<meta property=\"og:url\" content=\"https:\/\/laserplus.ca\/sherbrooke\/certificats-cadeaux\/\" \/>\n<meta property=\"og:site_name\" content=\"Laser Plus Sherbrooke\" \/>\n<meta property=\"article:publisher\" content=\"https:\/\/www.facebook.com\/laser.plus.sherbrooke\/\" \/>\n<meta property=\"article:modified_time\" content=\"2025-12-02T11:13:54+00:00\" \/>\n<meta property=\"og:image\" content=\"https:\/\/laserplus.ca\/sherbrooke\/wp-content\/uploads\/sites\/2\/2023\/05\/fbk-Laser-Plus-Sherbrooke.png\" \/>\n\t<meta property=\"og:image:width\" content=\"1200\" \/>\n\t<meta property=\"og:image:height\" content=\"630\" \/>\n\t<meta property=\"og:image:type\" content=\"image\/png\" \/>\n<script type=\"application\/ld+json\" class=\"yoast-schema-graph\">{\"@context\":\"https:\/\/schema.org\",\"@graph\":[{\"@type\":\"WebPage\",\"@id\":\"https:\/\/laserplus.ca\/sherbrooke\/certificats-cadeaux\/\",\"url\":\"https:\/\/laserplus.ca\/sherbrooke\/certificats-cadeaux\/\",\"name\":\"Certificats Cadeaux Laser Plus Sherbrooke - Le Cadeau Parfait\",\"isPartOf\":{\"@id\":\"https:\/\/laserplus.ca\/sherbrooke\/#website\"},\"datePublished\":\"2023-05-12T17:32:48+00:00\",\"dateModified\":\"2025-12-02T11:13:54+00:00\",\"description\":\"Offrez l'exp\u00e9rience Laser Plus Sherbrooke avec nos certificats cadeaux. Le cadeau parfait pour tous, alliant divertissement et aventure.\",\"breadcrumb\":{\"@id\":\"https:\/\/laserplus.ca\/sherbrooke\/certificats-cadeaux\/#breadcrumb\"},\"inLanguage\":\"fr-FR\",\"potentialAction\":[{\"@type\":\"ReadAction\",\"target\":[\"https:\/\/laserplus.ca\/sherbrooke\/certificats-cadeaux\/\"]}]},{\"@type\":\"BreadcrumbList\",\"@id\":\"https:\/\/laserplus.ca\/sherbrooke\/certificats-cadeaux\/#breadcrumb\",\"itemListElement\":[{\"@type\":\"ListItem\",\"position\":1,\"name\":\"Accueil\",\"item\":\"https:\/\/laserplus.ca\/sherbrooke\/\"},{\"@type\":\"ListItem\",\"position\":2,\"name\":\"Certificats cadeaux\"}]},{\"@type\":\"WebSite\",\"@id\":\"https:\/\/laserplus.ca\/sherbrooke\/#website\",\"url\":\"https:\/\/laserplus.ca\/sherbrooke\/\",\"name\":\"Laser Plus Sherbrooke\",\"description\":\"Jeu de poursuite laser &amp; aventure laserputt\",\"publisher\":{\"@id\":\"https:\/\/laserplus.ca\/sherbrooke\/#organization\"},\"potentialAction\":[{\"@type\":\"SearchAction\",\"target\":{\"@type\":\"EntryPoint\",\"urlTemplate\":\"https:\/\/laserplus.ca\/sherbrooke\/?s={search_term_string}\"},\"query-input\":{\"@type\":\"PropertyValueSpecification\",\"valueRequired\":true,\"valueName\":\"search_term_string\"}}],\"inLanguage\":\"fr-FR\"},{\"@type\":\"Organization\",\"@id\":\"https:\/\/laserplus.ca\/sherbrooke\/#organization\",\"name\":\"Laser Plus Sherbrooke\",\"url\":\"https:\/\/laserplus.ca\/sherbrooke\/\",\"logo\":{\"@type\":\"ImageObject\",\"inLanguage\":\"fr-FR\",\"@id\":\"https:\/\/laserplus.ca\/sherbrooke\/#\/schema\/logo\/image\/\",\"url\":\"https:\/\/laserplus.ca\/sherbrooke\/wp-content\/uploads\/sites\/2\/2023\/05\/logo-laser-plus-sherbrooke-footer.svg\",\"contentUrl\":\"https:\/\/laserplus.ca\/sherbrooke\/wp-content\/uploads\/sites\/2\/2023\/05\/logo-laser-plus-sherbrooke-footer.svg\",\"width\":228,\"height\":149,\"caption\":\"Laser Plus Sherbrooke\"},\"image\":{\"@id\":\"https:\/\/laserplus.ca\/sherbrooke\/#\/schema\/logo\/image\/\"},\"sameAs\":[\"https:\/\/www.facebook.com\/laser.plus.sherbrooke\/\",\"https:\/\/www.instagram.com\/laserplussherbrooke\/\",\"https:\/\/www.tiktok.com\/@laserplus_sherbrooke\"]}]}<\/script>\n<!-- \/ Yoast SEO plugin. -->","yoast_head_json":{"title":"Certificats Cadeaux Laser Plus Sherbrooke - Le Cadeau Parfait","description":"Offrez l'exp\u00e9rience Laser Plus Sherbrooke avec nos certificats cadeaux. Le cadeau parfait pour tous, alliant divertissement et aventure.","robots":{"index":"index","follow":"follow","max-snippet":"max-snippet:-1","max-image-preview":"max-image-preview:large","max-video-preview":"max-video-preview:-1"},"canonical":"https:\/\/laserplus.ca\/sherbrooke\/certificats-cadeaux\/","og_locale":"fr_FR","og_type":"article","og_title":"Certificats Cadeaux Laser Plus Sherbrooke - Le Cadeau Parfait","og_description":"Offrez l'exp\u00e9rience Laser Plus Sherbrooke avec nos certificats cadeaux. Le cadeau parfait pour tous, alliant divertissement et aventure.","og_url":"https:\/\/laserplus.ca\/sherbrooke\/certificats-cadeaux\/","og_site_name":"Laser Plus Sherbrooke","article_publisher":"https:\/\/www.facebook.com\/laser.plus.sherbrooke\/","article_modified_time":"2025-12-02T11:13:54+00:00","og_image":[{"width":1200,"height":630,"url":"https:\/\/laserplus.ca\/sherbrooke\/wp-content\/uploads\/sites\/2\/2023\/05\/fbk-Laser-Plus-Sherbrooke.png","type":"image\/png"}],"schema":{"@context":"https:\/\/schema.org","@graph":[{"@type":"WebPage","@id":"https:\/\/laserplus.ca\/sherbrooke\/certificats-cadeaux\/","url":"https:\/\/laserplus.ca\/sherbrooke\/certificats-cadeaux\/","name":"Certificats Cadeaux Laser Plus Sherbrooke - Le Cadeau Parfait","isPartOf":{"@id":"https:\/\/laserplus.ca\/sherbrooke\/#website"},"datePublished":"2023-05-12T17:32:48+00:00","dateModified":"2025-12-02T11:13:54+00:00","description":"Offrez l'exp\u00e9rience Laser Plus Sherbrooke avec nos certificats cadeaux. Le cadeau parfait pour tous, alliant divertissement et aventure.","breadcrumb":{"@id":"https:\/\/laserplus.ca\/sherbrooke\/certificats-cadeaux\/#breadcrumb"},"inLanguage":"fr-FR","potentialAction":[{"@type":"ReadAction","target":["https:\/\/laserplus.ca\/sherbrooke\/certificats-cadeaux\/"]}]},{"@type":"BreadcrumbList","@id":"https:\/\/laserplus.ca\/sherbrooke\/certificats-cadeaux\/#breadcrumb","itemListElement":[{"@type":"ListItem","position":1,"name":"Accueil","item":"https:\/\/laserplus.ca\/sherbrooke\/"},{"@type":"ListItem","position":2,"name":"Certificats cadeaux"}]},{"@type":"WebSite","@id":"https:\/\/laserplus.ca\/sherbrooke\/#website","url":"https:\/\/laserplus.ca\/sherbrooke\/","name":"Laser Plus Sherbrooke","description":"Jeu de poursuite laser &amp; aventure laserputt","publisher":{"@id":"https:\/\/laserplus.ca\/sherbrooke\/#organization"},"potentialAction":[{"@type":"SearchAction","target":{"@type":"EntryPoint","urlTemplate":"https:\/\/laserplus.ca\/sherbrooke\/?s={search_term_string}"},"query-input":{"@type":"PropertyValueSpecification","valueRequired":true,"valueName":"search_term_string"}}],"inLanguage":"fr-FR"},{"@type":"Organization","@id":"https:\/\/laserplus.ca\/sherbrooke\/#organization","name":"Laser Plus Sherbrooke","url":"https:\/\/laserplus.ca\/sherbrooke\/","logo":{"@type":"ImageObject","inLanguage":"fr-FR","@id":"https:\/\/laserplus.ca\/sherbrooke\/#\/schema\/logo\/image\/","url":"https:\/\/laserplus.ca\/sherbrooke\/wp-content\/uploads\/sites\/2\/2023\/05\/logo-laser-plus-sherbrooke-footer.svg","contentUrl":"https:\/\/laserplus.ca\/sherbrooke\/wp-content\/uploads\/sites\/2\/2023\/05\/logo-laser-plus-sherbrooke-footer.svg","width":228,"height":149,"caption":"Laser Plus Sherbrooke"},"image":{"@id":"https:\/\/laserplus.ca\/sherbrooke\/#\/schema\/logo\/image\/"},"sameAs":["https:\/\/www.facebook.com\/laser.plus.sherbrooke\/","https:\/\/www.instagram.com\/laserplussherbrooke\/","https:\/\/www.tiktok.com\/@laserplus_sherbrooke"]}]}},"_links":{"self":[{"href":"https:\/\/laserplus.ca\/sherbrooke\/wp-json\/wp\/v2\/pages\/149","targetHints":{"allow":["GET"]}}],"collection":[{"href":"https:\/\/laserplus.ca\/sherbrooke\/wp-json\/wp\/v2\/pages"}],"about":[{"href":"https:\/\/laserplus.ca\/sherbrooke\/wp-json\/wp\/v2\/types\/page"}],"author":[{"embeddable":true,"href":"https:\/\/laserplus.ca\/sherbrooke\/wp-json\/wp\/v2\/users\/2"}],"replies":[{"embeddable":true,"href":"https:\/\/laserplus.ca\/sherbrooke\/wp-json\/wp\/v2\/comments?post=149"}],"version-history":[{"count":22,"href":"https:\/\/laserplus.ca\/sherbrooke\/wp-json\/wp\/v2\/pages\/149\/revisions"}],"predecessor-version":[{"id":931,"href":"https:\/\/laserplus.ca\/sherbrooke\/wp-json\/wp\/v2\/pages\/149\/revisions\/931"}],"wp:attachment":[{"href":"https:\/\/laserplus.ca\/sherbrooke\/wp-json\/wp\/v2\/media?parent=149"}],"curies":[{"name":"wp","href":"https:\/\/api.w.org\/{rel}","templated":true}]}}