{"id":165,"date":"2023-05-12T13:47:37","date_gmt":"2023-05-12T17:47:37","guid":{"rendered":"https:\/\/laserplus.ca\/sherbrooke\/?page_id=165"},"modified":"2025-03-24T12:24:32","modified_gmt":"2025-03-24T16:24:32","slug":"faq","status":"publish","type":"page","link":"https:\/\/laserplus.ca\/sherbrooke\/faq\/","title":{"rendered":"FAQ"},"content":{"rendered":"<div class=\"fusion-fullwidth fullwidth-box fusion-builder-row-1 fusion-flex-container has-pattern-background has-mask-background nonhundred-percent-fullwidth non-hundred-percent-height-scrolling\" style=\"--awb-border-radius-top-left:0px;--awb-border-radius-top-right:0px;--awb-border-radius-bottom-right:0px;--awb-border-radius-bottom-left:0px;--awb-flex-wrap:wrap;\" ><div class=\"fusion-builder-row fusion-row fusion-flex-align-items-flex-start fusion-flex-content-wrap\" style=\"max-width:1696px;margin-left: calc(-6% \/ 2 );margin-right: calc(-6% \/ 2 );\"><div class=\"fusion-layout-column fusion_builder_column fusion-builder-column-0 fusion_builder_column_1_1 1_1 fusion-flex-column\" style=\"--awb-bg-size:cover;--awb-width-large:100%;--awb-margin-top-large:0px;--awb-spacing-right-large:2.82%;--awb-margin-bottom-large:80px;--awb-spacing-left-large:2.82%;--awb-width-medium:100%;--awb-order-medium:0;--awb-spacing-right-medium:2.82%;--awb-spacing-left-medium:2.82%;--awb-width-small:100%;--awb-order-small:0;--awb-spacing-right-small:2.82%;--awb-spacing-left-small:2.82%;\"><div class=\"fusion-column-wrapper fusion-column-has-shadow fusion-flex-justify-content-flex-start fusion-content-layout-column\"><div class=\"accordian fusion-accordian\" style=\"--awb-border-size:4px;--awb-icon-size:40px;--awb-content-font-size:20px;--awb-icon-alignment:right;--awb-hover-color:rgba(255,255,255,0);--awb-border-color:var(--awb-color3);--awb-background-color:rgba(0,0,0,0);--awb-divider-color:var(--awb-color3);--awb-divider-hover-color:var(--awb-color3);--awb-icon-color:var(--awb-color3);--awb-title-color:var(--awb-color3);--awb-content-color:var(--awb-color2);--awb-icon-box-color:var(--awb-color3);--awb-toggle-hover-accent-color:var(--awb-color3);--awb-toggle-active-accent-color:var(--awb-color3);--awb-title-font-family:&quot;obvia&quot;;--awb-title-font-weight:300;--awb-title-font-style:normal;--awb-title-font-size:25px;--awb-content-font-family:&quot;obvia&quot;;--awb-content-font-style:normal;--awb-content-font-weight:400;\"><div class=\"panel-group fusion-toggle-icon-right fusion-toggle-icon-unboxed\" id=\"accordion-165-1\"><div class=\"fusion-panel panel-default panel-79b076cef79f66444 fusion-toggle-no-divider fusion-toggle-boxed-mode\" style=\"--awb-title-color:var(--awb-color3);\"><div class=\"panel-heading\"><h4 class=\"panel-title toggle\" id=\"toggle_79b076cef79f66444\"><a aria-expanded=\"false\" aria-controls=\"79b076cef79f66444\" role=\"button\" data-toggle=\"collapse\" data-parent=\"#accordion-165-1\" data-target=\"#79b076cef79f66444\" href=\"#79b076cef79f66444\"><span class=\"fusion-toggle-icon-wrapper\" aria-hidden=\"true\"><i class=\"fa-fusion-box active-icon awb-icon-minus\" aria-hidden=\"true\"><\/i><i class=\"fa-fusion-box inactive-icon awb-icon-plus\" aria-hidden=\"true\"><\/i><\/span><span class=\"fusion-toggle-heading\">Ai-je besoin de r\u00e9server?<\/span><\/a><\/h4><\/div><div id=\"79b076cef79f66444\" class=\"panel-collapse collapse \" aria-labelledby=\"toggle_79b076cef79f66444\"><div class=\"panel-body toggle-content fusion-clearfix\">\n<p>Oui, il est fortement recommand\u00e9 de r\u00e9server pour toutes nos activit\u00e9s, \u00e0 l&rsquo;exception de l&rsquo;aventure LaserPutt. Cela vous permettra de garantir la disponibilit\u00e9 de nos zones de jeux et d&rsquo;\u00e9viter toute attente. Que ce soit pour une session de laser tag palpitante, une aventure de mini-golf black light, ou pour organiser un \u00e9v\u00e9nement en groupe, la r\u00e9servation est la meilleure fa\u00e7on de profiter pleinement de votre exp\u00e9rience chez Laser Plus Sherbrooke. Vous pouvez r\u00e9server facilement d\u00e8s maintenant en appelant le <a href=\"tel:8193460565\">819 346-0565<\/a>. Assurez-vous ainsi d\u2019avoir une place et de passer un moment inoubliable avec vos amis, votre famille ou vos coll\u00e8gues.<\/p>\n<\/div><\/div><\/div><div class=\"fusion-panel panel-default panel-217825a4af8752403 fusion-toggle-no-divider fusion-toggle-boxed-mode\" style=\"--awb-title-color:var(--awb-color3);\"><div class=\"panel-heading\"><h4 class=\"panel-title toggle\" id=\"toggle_217825a4af8752403\"><a aria-expanded=\"false\" aria-controls=\"217825a4af8752403\" role=\"button\" data-toggle=\"collapse\" data-parent=\"#accordion-165-1\" data-target=\"#217825a4af8752403\" href=\"#217825a4af8752403\"><span class=\"fusion-toggle-icon-wrapper\" aria-hidden=\"true\"><i class=\"fa-fusion-box active-icon awb-icon-minus\" aria-hidden=\"true\"><\/i><i class=\"fa-fusion-box inactive-icon awb-icon-plus\" aria-hidden=\"true\"><\/i><\/span><span class=\"fusion-toggle-heading\">Quelle est l'age minimum pour jouer au Laser?<\/span><\/a><\/h4><\/div><div id=\"217825a4af8752403\" class=\"panel-collapse collapse \" aria-labelledby=\"toggle_217825a4af8752403\"><div class=\"panel-body toggle-content fusion-clearfix\">La poursuite laser est accessible \u00e0 partir de 5 ans. Cependant, il est important de s&rsquo;assurer que votre enfant n&rsquo;a pas peur de l&rsquo;obscurit\u00e9 et qu&rsquo;il est suffisamment grand et fort pour porter un \u00e9quipement de 6 livres pendant toute la dur\u00e9e du jeu. Cela garantit une exp\u00e9rience agr\u00e9able et s\u00e9curitaire pour lui, tout en profitant pleinement de l&rsquo;aventure laser. Si vous avez des questions ou des pr\u00e9occupations, notre \u00e9quipe est l\u00e0 pour vous conseiller et vous aider \u00e0 vivre une exp\u00e9rience inoubliable.<\/div><\/div><\/div><div class=\"fusion-panel panel-default panel-9a9930447164774f2 fusion-toggle-no-divider fusion-toggle-boxed-mode\" style=\"--awb-title-color:var(--awb-color3);\"><div class=\"panel-heading\"><h4 class=\"panel-title toggle\" id=\"toggle_9a9930447164774f2\"><a aria-expanded=\"false\" aria-controls=\"9a9930447164774f2\" role=\"button\" data-toggle=\"collapse\" data-parent=\"#accordion-165-1\" data-target=\"#9a9930447164774f2\" href=\"#9a9930447164774f2\"><span class=\"fusion-toggle-icon-wrapper\" aria-hidden=\"true\"><i class=\"fa-fusion-box active-icon awb-icon-minus\" aria-hidden=\"true\"><\/i><i class=\"fa-fusion-box inactive-icon awb-icon-plus\" aria-hidden=\"true\"><\/i><\/span><span class=\"fusion-toggle-heading\">Quelle est l'age minimum pour jouer au minigolf?<\/span><\/a><\/h4><\/div><div id=\"9a9930447164774f2\" class=\"panel-collapse collapse \" aria-labelledby=\"toggle_9a9930447164774f2\"><div class=\"panel-body toggle-content fusion-clearfix\">Il n&rsquo;y a pas d&rsquo;\u00e2ge minimum pour jouer au mini-golf chez Laser Plus. Cette activit\u00e9 est id\u00e9ale pour les enfants, les adultes et les familles, offrant une exp\u00e9rience amusante et accessible \u00e0 tous les \u00e2ges. Que ce soit pour une sortie en famille, entre amis ou pour c\u00e9l\u00e9brer un \u00e9v\u00e9nement sp\u00e9cial, notre parcours de mini-golf black light garantit une exp\u00e9rience divertissante pour tous, peu importe l&rsquo;\u00e2ge. Venez profiter d&rsquo;une activit\u00e9 ludique et interactive adapt\u00e9e \u00e0 tous !<\/div><\/div><\/div><div class=\"fusion-panel panel-default panel-b41ce46976c220b63 fusion-toggle-no-divider fusion-toggle-boxed-mode\" style=\"--awb-title-color:var(--awb-color3);\"><div class=\"panel-heading\"><h4 class=\"panel-title toggle\" id=\"toggle_b41ce46976c220b63\"><a aria-expanded=\"false\" aria-controls=\"b41ce46976c220b63\" role=\"button\" data-toggle=\"collapse\" data-parent=\"#accordion-165-1\" data-target=\"#b41ce46976c220b63\" href=\"#b41ce46976c220b63\"><span class=\"fusion-toggle-icon-wrapper\" aria-hidden=\"true\"><i class=\"fa-fusion-box active-icon awb-icon-minus\" aria-hidden=\"true\"><\/i><i class=\"fa-fusion-box inactive-icon awb-icon-plus\" aria-hidden=\"true\"><\/i><\/span><span class=\"fusion-toggle-heading\">Quelle est l'age minimum pour jouer \u00e0 la r\u00e9alit\u00e9 virtuelle?<\/span><\/a><\/h4><\/div><div id=\"b41ce46976c220b63\" class=\"panel-collapse collapse \" aria-labelledby=\"toggle_b41ce46976c220b63\"><div class=\"panel-body toggle-content fusion-clearfix\">La r\u00e9alit\u00e9 virtuelle est accessible \u00e0 partir de 8 ans. Cette activit\u00e9 immersive offre une exp\u00e9rience unique et excitante, id\u00e9ale pour les enfants, les adolescents et les adultes. Assurez-vous simplement que votre enfant est \u00e0 l&rsquo;aise avec l&rsquo;\u00e9quipement et pr\u00eat \u00e0 vivre une aventure virtuelle inoubliable. Si vous avez des questions sur la r\u00e9alit\u00e9 virtuelle ou si vous avez besoin de conseils, notre \u00e9quipe est l\u00e0 pour vous guider et vous aider \u00e0 profiter pleinement de cette exp\u00e9rience innovante.<\/div><\/div><\/div><div class=\"fusion-panel panel-default panel-eff4bbc6aba8dc720 fusion-toggle-no-divider fusion-toggle-boxed-mode\" style=\"--awb-title-color:var(--awb-color3);\"><div class=\"panel-heading\"><h4 class=\"panel-title toggle\" id=\"toggle_eff4bbc6aba8dc720\"><a aria-expanded=\"false\" aria-controls=\"eff4bbc6aba8dc720\" role=\"button\" data-toggle=\"collapse\" data-parent=\"#accordion-165-1\" data-target=\"#eff4bbc6aba8dc720\" href=\"#eff4bbc6aba8dc720\"><span class=\"fusion-toggle-icon-wrapper\" aria-hidden=\"true\"><i class=\"fa-fusion-box active-icon awb-icon-minus\" aria-hidden=\"true\"><\/i><i class=\"fa-fusion-box inactive-icon awb-icon-plus\" aria-hidden=\"true\"><\/i><\/span><span class=\"fusion-toggle-heading\">Avez-vous un carton d'invitation pour les f\u00eates?<\/span><\/a><\/h4><\/div><div id=\"eff4bbc6aba8dc720\" class=\"panel-collapse collapse \" aria-labelledby=\"toggle_eff4bbc6aba8dc720\"><div class=\"panel-body toggle-content fusion-clearfix\">Oui, nous proposons des cartes d&rsquo;invitation sp\u00e9cialement con\u00e7ues pour vos f\u00eates et \u00e9v\u00e9nements chez Laser Plus. Vous pouvez facilement les t\u00e9l\u00e9charger en <a href=\"https:\/\/laserplus.ca\/sherbrooke\/wp-content\/uploads\/sites\/2\/2023\/05\/LaserPlus-Invitation.pdf\" target=\"_blank\" rel=\"noopener\">Carton d&rsquo;invitation<\/a>. Ces cartes personnalis\u00e9es ajouteront une touche sp\u00e9ciale \u00e0 vos invitations et rendront votre \u00e9v\u00e9nement encore plus m\u00e9morable. Que ce soit pour un anniversaire, une f\u00eate d&rsquo;entreprise ou toute autre occasion, nos cartes d&rsquo;invitation sont parfaites pour inviter vos proches \u00e0 vivre une exp\u00e9rience unique chez nous !<\/div><\/div><\/div><div class=\"fusion-panel panel-default panel-c3ae8f28c0b892a09 fusion-toggle-no-divider fusion-toggle-boxed-mode\" style=\"--awb-title-color:var(--awb-color3);\"><div class=\"panel-heading\"><h4 class=\"panel-title toggle\" id=\"toggle_c3ae8f28c0b892a09\"><a aria-expanded=\"false\" aria-controls=\"c3ae8f28c0b892a09\" role=\"button\" data-toggle=\"collapse\" data-parent=\"#accordion-165-1\" data-target=\"#c3ae8f28c0b892a09\" href=\"#c3ae8f28c0b892a09\"><span class=\"fusion-toggle-icon-wrapper\" aria-hidden=\"true\"><i class=\"fa-fusion-box active-icon awb-icon-minus\" aria-hidden=\"true\"><\/i><i class=\"fa-fusion-box inactive-icon awb-icon-plus\" aria-hidden=\"true\"><\/i><\/span><span class=\"fusion-toggle-heading\">Avez-vous des tarifs pour les enfants?<\/span><\/a><\/h4><\/div><div id=\"c3ae8f28c0b892a09\" class=\"panel-collapse collapse \" aria-labelledby=\"toggle_c3ae8f28c0b892a09\"><div class=\"panel-body toggle-content fusion-clearfix\">Oui, nous offrons des tarifs r\u00e9duits pour les enfants de 12 ans et moins ainsi que pour les 13 ans et plus, mais uniquement pour l\u2019activit\u00e9 Laser Putt (mini-golf). Pour toutes les autres activit\u00e9s, comme le laser tag et la r\u00e9alit\u00e9 virtuelle, le tarif est le m\u00eame pour chaque participant, quel que soit son \u00e2ge. Que ce soit pour une sortie en famille ou entre amis, vous pouvez profiter de nos activit\u00e9s tout en respectant votre budget !<\/div><\/div><\/div><div class=\"fusion-panel panel-default panel-2015c6a68af81df8c fusion-toggle-no-divider fusion-toggle-boxed-mode\" style=\"--awb-title-color:var(--awb-color3);\"><div class=\"panel-heading\"><h4 class=\"panel-title toggle\" id=\"toggle_2015c6a68af81df8c\"><a aria-expanded=\"false\" aria-controls=\"2015c6a68af81df8c\" role=\"button\" data-toggle=\"collapse\" data-parent=\"#accordion-165-1\" data-target=\"#2015c6a68af81df8c\" href=\"#2015c6a68af81df8c\"><span class=\"fusion-toggle-icon-wrapper\" aria-hidden=\"true\"><i class=\"fa-fusion-box active-icon awb-icon-minus\" aria-hidden=\"true\"><\/i><i class=\"fa-fusion-box inactive-icon awb-icon-plus\" aria-hidden=\"true\"><\/i><\/span><span class=\"fusion-toggle-heading\">Est-il possible de r\u00e9server par courriel ou facebook?<\/span><\/a><\/h4><\/div><div id=\"2015c6a68af81df8c\" class=\"panel-collapse collapse \" aria-labelledby=\"toggle_2015c6a68af81df8c\"><div class=\"panel-body toggle-content fusion-clearfix\">Il est pr\u00e9f\u00e9rable de nous appeler directement pour effectuer une r\u00e9servation, afin de vous assurer d&rsquo;obtenir les disponibilit\u00e9s en temps r\u00e9el. En nous appelant, nous pourrons vous confirmer imm\u00e9diatement la disponibilit\u00e9 des zones de jeux et garantir que votre exp\u00e9rience se d\u00e9roule sans accroc. N&rsquo;h\u00e9sitez pas \u00e0 nous contacter au <a href=\"tel:8193460565\">819 346-0565<\/a> pour r\u00e9server votre activit\u00e9 et vivre une exp\u00e9rience inoubliable chez Laser Plus !<\/div><\/div><\/div><\/div><\/div><\/div><\/div><\/div><\/div>\n","protected":false},"excerpt":{"rendered":"","protected":false},"author":2,"featured_media":0,"parent":0,"menu_order":0,"comment_status":"closed","ping_status":"closed","template":"100-width.php","meta":{"_acf_changed":false,"footnotes":""},"class_list":["post-165","page","type-page","status-publish","hentry"],"acf":[],"yoast_head":"<!-- This site is optimized with the Yoast SEO plugin v24.3 - https:\/\/yoast.com\/wordpress\/plugins\/seo\/ -->\n<title>FAQ Laser Plus Sherbrooke - R\u00e9ponses \u00e0 vos Questions<\/title>\n<meta name=\"description\" content=\"Consultez notre FAQ pour des r\u00e9ponses \u00e0 vos questions sur la r\u00e9servation, les \u00e2ges minimum pour nos jeux et nos tarifs pour enfants \u00e0 Laser Plus Sherbrooke.\" \/>\n<meta name=\"robots\" content=\"index, follow, max-snippet:-1, max-image-preview:large, max-video-preview:-1\" \/>\n<link rel=\"canonical\" href=\"https:\/\/laserplus.ca\/sherbrooke\/faq\/\" \/>\n<meta property=\"og:locale\" content=\"fr_FR\" \/>\n<meta property=\"og:type\" content=\"article\" \/>\n<meta property=\"og:title\" content=\"FAQ Laser Plus Sherbrooke - R\u00e9ponses \u00e0 vos Questions\" \/>\n<meta property=\"og:description\" content=\"Consultez notre FAQ pour des r\u00e9ponses \u00e0 vos questions sur la r\u00e9servation, les \u00e2ges minimum pour nos jeux et nos tarifs pour enfants \u00e0 Laser Plus Sherbrooke.\" \/>\n<meta property=\"og:url\" content=\"https:\/\/laserplus.ca\/sherbrooke\/faq\/\" \/>\n<meta property=\"og:site_name\" content=\"Laser Plus Sherbrooke\" \/>\n<meta property=\"article:publisher\" content=\"https:\/\/www.facebook.com\/laser.plus.sherbrooke\/\" \/>\n<meta property=\"article:modified_time\" content=\"2025-03-24T16:24:32+00:00\" \/>\n<meta property=\"og:image\" content=\"https:\/\/laserplus.ca\/sherbrooke\/wp-content\/uploads\/sites\/2\/2023\/05\/fbk-Laser-Plus-Sherbrooke.png\" \/>\n\t<meta property=\"og:image:width\" content=\"1200\" \/>\n\t<meta property=\"og:image:height\" content=\"630\" \/>\n\t<meta property=\"og:image:type\" content=\"image\/png\" \/>\n<script type=\"application\/ld+json\" class=\"yoast-schema-graph\">{\"@context\":\"https:\/\/schema.org\",\"@graph\":[{\"@type\":\"WebPage\",\"@id\":\"https:\/\/laserplus.ca\/sherbrooke\/faq\/\",\"url\":\"https:\/\/laserplus.ca\/sherbrooke\/faq\/\",\"name\":\"FAQ Laser Plus Sherbrooke - R\u00e9ponses \u00e0 vos Questions\",\"isPartOf\":{\"@id\":\"https:\/\/laserplus.ca\/sherbrooke\/#website\"},\"datePublished\":\"2023-05-12T17:47:37+00:00\",\"dateModified\":\"2025-03-24T16:24:32+00:00\",\"description\":\"Consultez notre FAQ pour des r\u00e9ponses \u00e0 vos questions sur la r\u00e9servation, les \u00e2ges minimum pour nos jeux et nos tarifs pour enfants \u00e0 Laser Plus Sherbrooke.\",\"breadcrumb\":{\"@id\":\"https:\/\/laserplus.ca\/sherbrooke\/faq\/#breadcrumb\"},\"inLanguage\":\"fr-FR\",\"potentialAction\":[{\"@type\":\"ReadAction\",\"target\":[\"https:\/\/laserplus.ca\/sherbrooke\/faq\/\"]}]},{\"@type\":\"BreadcrumbList\",\"@id\":\"https:\/\/laserplus.ca\/sherbrooke\/faq\/#breadcrumb\",\"itemListElement\":[{\"@type\":\"ListItem\",\"position\":1,\"name\":\"Accueil\",\"item\":\"https:\/\/laserplus.ca\/sherbrooke\/\"},{\"@type\":\"ListItem\",\"position\":2,\"name\":\"FAQ\"}]},{\"@type\":\"WebSite\",\"@id\":\"https:\/\/laserplus.ca\/sherbrooke\/#website\",\"url\":\"https:\/\/laserplus.ca\/sherbrooke\/\",\"name\":\"Laser Plus Sherbrooke\",\"description\":\"Jeu de poursuite laser &amp; aventure laserputt\",\"publisher\":{\"@id\":\"https:\/\/laserplus.ca\/sherbrooke\/#organization\"},\"potentialAction\":[{\"@type\":\"SearchAction\",\"target\":{\"@type\":\"EntryPoint\",\"urlTemplate\":\"https:\/\/laserplus.ca\/sherbrooke\/?s={search_term_string}\"},\"query-input\":{\"@type\":\"PropertyValueSpecification\",\"valueRequired\":true,\"valueName\":\"search_term_string\"}}],\"inLanguage\":\"fr-FR\"},{\"@type\":\"Organization\",\"@id\":\"https:\/\/laserplus.ca\/sherbrooke\/#organization\",\"name\":\"Laser Plus Sherbrooke\",\"url\":\"https:\/\/laserplus.ca\/sherbrooke\/\",\"logo\":{\"@type\":\"ImageObject\",\"inLanguage\":\"fr-FR\",\"@id\":\"https:\/\/laserplus.ca\/sherbrooke\/#\/schema\/logo\/image\/\",\"url\":\"https:\/\/laserplus.ca\/sherbrooke\/wp-content\/uploads\/sites\/2\/2023\/05\/logo-laser-plus-sherbrooke-footer.svg\",\"contentUrl\":\"https:\/\/laserplus.ca\/sherbrooke\/wp-content\/uploads\/sites\/2\/2023\/05\/logo-laser-plus-sherbrooke-footer.svg\",\"width\":228,\"height\":149,\"caption\":\"Laser Plus Sherbrooke\"},\"image\":{\"@id\":\"https:\/\/laserplus.ca\/sherbrooke\/#\/schema\/logo\/image\/\"},\"sameAs\":[\"https:\/\/www.facebook.com\/laser.plus.sherbrooke\/\",\"https:\/\/www.instagram.com\/laserplussherbrooke\/\",\"https:\/\/www.tiktok.com\/@laserplus_sherbrooke\"]}]}<\/script>\n<!-- \/ Yoast SEO plugin. -->","yoast_head_json":{"title":"FAQ Laser Plus Sherbrooke - R\u00e9ponses \u00e0 vos Questions","description":"Consultez notre FAQ pour des r\u00e9ponses \u00e0 vos questions sur la r\u00e9servation, les \u00e2ges minimum pour nos jeux et nos tarifs pour enfants \u00e0 Laser Plus Sherbrooke.","robots":{"index":"index","follow":"follow","max-snippet":"max-snippet:-1","max-image-preview":"max-image-preview:large","max-video-preview":"max-video-preview:-1"},"canonical":"https:\/\/laserplus.ca\/sherbrooke\/faq\/","og_locale":"fr_FR","og_type":"article","og_title":"FAQ Laser Plus Sherbrooke - R\u00e9ponses \u00e0 vos Questions","og_description":"Consultez notre FAQ pour des r\u00e9ponses \u00e0 vos questions sur la r\u00e9servation, les \u00e2ges minimum pour nos jeux et nos tarifs pour enfants \u00e0 Laser Plus Sherbrooke.","og_url":"https:\/\/laserplus.ca\/sherbrooke\/faq\/","og_site_name":"Laser Plus Sherbrooke","article_publisher":"https:\/\/www.facebook.com\/laser.plus.sherbrooke\/","article_modified_time":"2025-03-24T16:24:32+00:00","og_image":[{"width":1200,"height":630,"url":"https:\/\/laserplus.ca\/sherbrooke\/wp-content\/uploads\/sites\/2\/2023\/05\/fbk-Laser-Plus-Sherbrooke.png","type":"image\/png"}],"schema":{"@context":"https:\/\/schema.org","@graph":[{"@type":"WebPage","@id":"https:\/\/laserplus.ca\/sherbrooke\/faq\/","url":"https:\/\/laserplus.ca\/sherbrooke\/faq\/","name":"FAQ Laser Plus Sherbrooke - R\u00e9ponses \u00e0 vos Questions","isPartOf":{"@id":"https:\/\/laserplus.ca\/sherbrooke\/#website"},"datePublished":"2023-05-12T17:47:37+00:00","dateModified":"2025-03-24T16:24:32+00:00","description":"Consultez notre FAQ pour des r\u00e9ponses \u00e0 vos questions sur la r\u00e9servation, les \u00e2ges minimum pour nos jeux et nos tarifs pour enfants \u00e0 Laser Plus Sherbrooke.","breadcrumb":{"@id":"https:\/\/laserplus.ca\/sherbrooke\/faq\/#breadcrumb"},"inLanguage":"fr-FR","potentialAction":[{"@type":"ReadAction","target":["https:\/\/laserplus.ca\/sherbrooke\/faq\/"]}]},{"@type":"BreadcrumbList","@id":"https:\/\/laserplus.ca\/sherbrooke\/faq\/#breadcrumb","itemListElement":[{"@type":"ListItem","position":1,"name":"Accueil","item":"https:\/\/laserplus.ca\/sherbrooke\/"},{"@type":"ListItem","position":2,"name":"FAQ"}]},{"@type":"WebSite","@id":"https:\/\/laserplus.ca\/sherbrooke\/#website","url":"https:\/\/laserplus.ca\/sherbrooke\/","name":"Laser Plus Sherbrooke","description":"Jeu de poursuite laser &amp; aventure laserputt","publisher":{"@id":"https:\/\/laserplus.ca\/sherbrooke\/#organization"},"potentialAction":[{"@type":"SearchAction","target":{"@type":"EntryPoint","urlTemplate":"https:\/\/laserplus.ca\/sherbrooke\/?s={search_term_string}"},"query-input":{"@type":"PropertyValueSpecification","valueRequired":true,"valueName":"search_term_string"}}],"inLanguage":"fr-FR"},{"@type":"Organization","@id":"https:\/\/laserplus.ca\/sherbrooke\/#organization","name":"Laser Plus Sherbrooke","url":"https:\/\/laserplus.ca\/sherbrooke\/","logo":{"@type":"ImageObject","inLanguage":"fr-FR","@id":"https:\/\/laserplus.ca\/sherbrooke\/#\/schema\/logo\/image\/","url":"https:\/\/laserplus.ca\/sherbrooke\/wp-content\/uploads\/sites\/2\/2023\/05\/logo-laser-plus-sherbrooke-footer.svg","contentUrl":"https:\/\/laserplus.ca\/sherbrooke\/wp-content\/uploads\/sites\/2\/2023\/05\/logo-laser-plus-sherbrooke-footer.svg","width":228,"height":149,"caption":"Laser Plus Sherbrooke"},"image":{"@id":"https:\/\/laserplus.ca\/sherbrooke\/#\/schema\/logo\/image\/"},"sameAs":["https:\/\/www.facebook.com\/laser.plus.sherbrooke\/","https:\/\/www.instagram.com\/laserplussherbrooke\/","https:\/\/www.tiktok.com\/@laserplus_sherbrooke"]}]}},"_links":{"self":[{"href":"https:\/\/laserplus.ca\/sherbrooke\/wp-json\/wp\/v2\/pages\/165","targetHints":{"allow":["GET"]}}],"collection":[{"href":"https:\/\/laserplus.ca\/sherbrooke\/wp-json\/wp\/v2\/pages"}],"about":[{"href":"https:\/\/laserplus.ca\/sherbrooke\/wp-json\/wp\/v2\/types\/page"}],"author":[{"embeddable":true,"href":"https:\/\/laserplus.ca\/sherbrooke\/wp-json\/wp\/v2\/users\/2"}],"replies":[{"embeddable":true,"href":"https:\/\/laserplus.ca\/sherbrooke\/wp-json\/wp\/v2\/comments?post=165"}],"version-history":[{"count":8,"href":"https:\/\/laserplus.ca\/sherbrooke\/wp-json\/wp\/v2\/pages\/165\/revisions"}],"predecessor-version":[{"id":843,"href":"https:\/\/laserplus.ca\/sherbrooke\/wp-json\/wp\/v2\/pages\/165\/revisions\/843"}],"wp:attachment":[{"href":"https:\/\/laserplus.ca\/sherbrooke\/wp-json\/wp\/v2\/media?parent=165"}],"curies":[{"name":"wp","href":"https:\/\/api.w.org\/{rel}","templated":true}]}}