{"id":167,"date":"2023-05-12T13:47:53","date_gmt":"2023-05-12T17:47:53","guid":{"rendered":"https:\/\/laserplus.ca\/sherbrooke\/?page_id=167"},"modified":"2025-02-10T15:24:16","modified_gmt":"2025-02-10T20:24:16","slug":"a-propos","status":"publish","type":"page","link":"https:\/\/laserplus.ca\/sherbrooke\/a-propos\/","title":{"rendered":"\u00c0 propos"},"content":{"rendered":"<div class=\"fusion-fullwidth fullwidth-box fusion-builder-row-1 fusion-flex-container has-pattern-background has-mask-background nonhundred-percent-fullwidth non-hundred-percent-height-scrolling\" style=\"--awb-border-radius-top-left:0px;--awb-border-radius-top-right:0px;--awb-border-radius-bottom-right:0px;--awb-border-radius-bottom-left:0px;--awb-flex-wrap:wrap;\" ><div class=\"fusion-builder-row fusion-row fusion-flex-align-items-flex-start fusion-flex-content-wrap\" style=\"max-width:1696px;margin-left: calc(-6% \/ 2 );margin-right: calc(-6% \/ 2 );\"><div class=\"fusion-layout-column fusion_builder_column fusion-builder-column-0 fusion_builder_column_1_2 1_2 fusion-flex-column fusion-flex-align-self-stretch corner-glow fusion-animated\" style=\"--awb-padding-top:50px;--awb-padding-right:6%;--awb-padding-bottom:50px;--awb-padding-left:6%;--awb-bg-size:cover;--awb-width-large:50%;--awb-margin-top-large:0px;--awb-spacing-right-large:5.64%;--awb-margin-bottom-large:40px;--awb-spacing-left-large:5.64%;--awb-width-medium:50%;--awb-order-medium:0;--awb-spacing-right-medium:5.64%;--awb-spacing-left-medium:5.64%;--awb-width-small:100%;--awb-order-small:0;--awb-spacing-right-small:2.82%;--awb-spacing-left-small:2.82%;\" data-animationType=\"fadeInRight\" data-animationDuration=\"1.0\" data-animationOffset=\"top-into-view\" data-scroll-devices=\"small-visibility,medium-visibility,large-visibility\"><div class=\"fusion-column-wrapper fusion-column-has-shadow fusion-flex-justify-content-center fusion-content-layout-column\"><div class=\"fusion-text fusion-text-1\"><p>LASER PLUS est une entreprise Sherbrookoise qui se sp\u00e9cialise dans le divertissement au plus grand bonheur des petits et des grands.<\/p>\n<p>Fond\u00e9e il y a 20 ans et anciennement localis\u00e9e au centre-ville, l&rsquo;entreprise est maintenant d\u00e9m\u00e9nag\u00e9e au 1201, 12e avenue Nord depuis l&rsquo;automne 2016.<\/p>\n<p>LaserPlus offre 11000 pieds carr\u00e9s de plaisir, combinant 2 labyrinthes de <a href=\"https:\/\/laserplus.ca\/sherbrooke\/activites\/poursuite-laser\/\">poursuite Laser<\/a> (laser tag), <a href=\"https:\/\/laserplus.ca\/sherbrooke\/activites\/aventure-laserputt\/\">1 aventure de mini-golf<\/a> black light et plusieurs <a href=\"https:\/\/laserplus.ca\/sherbrooke\/evenements\/fetes-et-groupes\/\">salles de f\u00eates<\/a> pour amuser toute la famille et autres groupes de tous \u00e2ges.<\/p>\n<\/div><\/div><\/div><div class=\"fusion-layout-column fusion_builder_column fusion-builder-column-1 fusion_builder_column_1_2 1_2 fusion-flex-column fusion-animated\" style=\"--awb-bg-size:cover;--awb-width-large:50%;--awb-margin-top-large:0px;--awb-spacing-right-large:5.64%;--awb-margin-bottom-large:80px;--awb-spacing-left-large:5.64%;--awb-width-medium:50%;--awb-order-medium:0;--awb-spacing-right-medium:5.64%;--awb-spacing-left-medium:5.64%;--awb-width-small:100%;--awb-order-small:0;--awb-spacing-right-small:2.82%;--awb-spacing-left-small:2.82%;\" data-animationType=\"fadeInUp\" data-animationDuration=\"1.5\" data-animationOffset=\"top-into-view\" data-scroll-devices=\"small-visibility,medium-visibility,large-visibility\"><div class=\"fusion-column-wrapper fusion-column-has-shadow fusion-flex-justify-content-flex-start fusion-content-layout-column\"><div class=\"fusion-video fusion-youtube\" style=\"--awb-max-width:854px;--awb-max-height:480px;--awb-align-self:center;--awb-width:100%;\"><div class=\"video-shortcode\"><div class=\"fluid-width-video-wrapper\" style=\"padding-top:56.21%;\" ><iframe title=\"YouTube video player 1\" src=\"https:\/\/www.youtube.com\/embed\/Fl9HjDDi7EY?wmode=transparent&autoplay=0&amp;rel=0\" width=\"854\" height=\"480\" allowfullscreen allow=\"autoplay; fullscreen\"><\/iframe><\/div><\/div><\/div><\/div><\/div><\/div><\/div>\n","protected":false},"excerpt":{"rendered":"","protected":false},"author":2,"featured_media":0,"parent":0,"menu_order":0,"comment_status":"closed","ping_status":"closed","template":"100-width.php","meta":{"_acf_changed":false,"footnotes":""},"class_list":["post-167","page","type-page","status-publish","hentry"],"acf":[],"yoast_head":"<!-- This site is optimized with the Yoast SEO plugin v24.3 - https:\/\/yoast.com\/wordpress\/plugins\/seo\/ -->\n<title>Laser Plus Sherbrooke - Expert en Divertissement Familial<\/title>\n<meta name=\"description\" content=\"Laser Plus Sherbrooke, sp\u00e9cialiste du divertissement depuis 20 ans. Profitez de nos labyrinthes de poursuite laser, mini-golf black light et salles de f\u00eate.\" \/>\n<meta name=\"robots\" content=\"index, follow, max-snippet:-1, max-image-preview:large, max-video-preview:-1\" \/>\n<link rel=\"canonical\" href=\"https:\/\/laserplus.ca\/sherbrooke\/a-propos\/\" \/>\n<meta property=\"og:locale\" content=\"fr_FR\" \/>\n<meta property=\"og:type\" content=\"article\" \/>\n<meta property=\"og:title\" content=\"Laser Plus Sherbrooke - Expert en Divertissement Familial\" \/>\n<meta property=\"og:description\" content=\"Laser Plus Sherbrooke, sp\u00e9cialiste du divertissement depuis 20 ans. Profitez de nos labyrinthes de poursuite laser, mini-golf black light et salles de f\u00eate.\" \/>\n<meta property=\"og:url\" content=\"https:\/\/laserplus.ca\/sherbrooke\/a-propos\/\" \/>\n<meta property=\"og:site_name\" content=\"Laser Plus Sherbrooke\" \/>\n<meta property=\"article:publisher\" content=\"https:\/\/www.facebook.com\/laser.plus.sherbrooke\/\" \/>\n<meta property=\"article:modified_time\" content=\"2025-02-10T20:24:16+00:00\" \/>\n<meta property=\"og:image\" content=\"https:\/\/laserplus.ca\/sherbrooke\/wp-content\/uploads\/sites\/2\/2023\/05\/fbk-Laser-Plus-Sherbrooke.png\" \/>\n\t<meta property=\"og:image:width\" content=\"1200\" \/>\n\t<meta property=\"og:image:height\" content=\"630\" \/>\n\t<meta property=\"og:image:type\" content=\"image\/png\" \/>\n<script type=\"application\/ld+json\" class=\"yoast-schema-graph\">{\"@context\":\"https:\/\/schema.org\",\"@graph\":[{\"@type\":\"WebPage\",\"@id\":\"https:\/\/laserplus.ca\/sherbrooke\/a-propos\/\",\"url\":\"https:\/\/laserplus.ca\/sherbrooke\/a-propos\/\",\"name\":\"Laser Plus Sherbrooke - Expert en Divertissement Familial\",\"isPartOf\":{\"@id\":\"https:\/\/laserplus.ca\/sherbrooke\/#website\"},\"datePublished\":\"2023-05-12T17:47:53+00:00\",\"dateModified\":\"2025-02-10T20:24:16+00:00\",\"description\":\"Laser Plus Sherbrooke, sp\u00e9cialiste du divertissement depuis 20 ans. Profitez de nos labyrinthes de poursuite laser, mini-golf black light et salles de f\u00eate.\",\"breadcrumb\":{\"@id\":\"https:\/\/laserplus.ca\/sherbrooke\/a-propos\/#breadcrumb\"},\"inLanguage\":\"fr-FR\",\"potentialAction\":[{\"@type\":\"ReadAction\",\"target\":[\"https:\/\/laserplus.ca\/sherbrooke\/a-propos\/\"]}]},{\"@type\":\"BreadcrumbList\",\"@id\":\"https:\/\/laserplus.ca\/sherbrooke\/a-propos\/#breadcrumb\",\"itemListElement\":[{\"@type\":\"ListItem\",\"position\":1,\"name\":\"Accueil\",\"item\":\"https:\/\/laserplus.ca\/sherbrooke\/\"},{\"@type\":\"ListItem\",\"position\":2,\"name\":\"\u00c0 propos\"}]},{\"@type\":\"WebSite\",\"@id\":\"https:\/\/laserplus.ca\/sherbrooke\/#website\",\"url\":\"https:\/\/laserplus.ca\/sherbrooke\/\",\"name\":\"Laser Plus Sherbrooke\",\"description\":\"Jeu de poursuite laser &amp; aventure laserputt\",\"publisher\":{\"@id\":\"https:\/\/laserplus.ca\/sherbrooke\/#organization\"},\"potentialAction\":[{\"@type\":\"SearchAction\",\"target\":{\"@type\":\"EntryPoint\",\"urlTemplate\":\"https:\/\/laserplus.ca\/sherbrooke\/?s={search_term_string}\"},\"query-input\":{\"@type\":\"PropertyValueSpecification\",\"valueRequired\":true,\"valueName\":\"search_term_string\"}}],\"inLanguage\":\"fr-FR\"},{\"@type\":\"Organization\",\"@id\":\"https:\/\/laserplus.ca\/sherbrooke\/#organization\",\"name\":\"Laser Plus Sherbrooke\",\"url\":\"https:\/\/laserplus.ca\/sherbrooke\/\",\"logo\":{\"@type\":\"ImageObject\",\"inLanguage\":\"fr-FR\",\"@id\":\"https:\/\/laserplus.ca\/sherbrooke\/#\/schema\/logo\/image\/\",\"url\":\"https:\/\/laserplus.ca\/sherbrooke\/wp-content\/uploads\/sites\/2\/2023\/05\/logo-laser-plus-sherbrooke-footer.svg\",\"contentUrl\":\"https:\/\/laserplus.ca\/sherbrooke\/wp-content\/uploads\/sites\/2\/2023\/05\/logo-laser-plus-sherbrooke-footer.svg\",\"width\":228,\"height\":149,\"caption\":\"Laser Plus Sherbrooke\"},\"image\":{\"@id\":\"https:\/\/laserplus.ca\/sherbrooke\/#\/schema\/logo\/image\/\"},\"sameAs\":[\"https:\/\/www.facebook.com\/laser.plus.sherbrooke\/\",\"https:\/\/www.instagram.com\/laserplussherbrooke\/\",\"https:\/\/www.tiktok.com\/@laserplus_sherbrooke\"]}]}<\/script>\n<!-- \/ Yoast SEO plugin. -->","yoast_head_json":{"title":"Laser Plus Sherbrooke - Expert en Divertissement Familial","description":"Laser Plus Sherbrooke, sp\u00e9cialiste du divertissement depuis 20 ans. Profitez de nos labyrinthes de poursuite laser, mini-golf black light et salles de f\u00eate.","robots":{"index":"index","follow":"follow","max-snippet":"max-snippet:-1","max-image-preview":"max-image-preview:large","max-video-preview":"max-video-preview:-1"},"canonical":"https:\/\/laserplus.ca\/sherbrooke\/a-propos\/","og_locale":"fr_FR","og_type":"article","og_title":"Laser Plus Sherbrooke - Expert en Divertissement Familial","og_description":"Laser Plus Sherbrooke, sp\u00e9cialiste du divertissement depuis 20 ans. Profitez de nos labyrinthes de poursuite laser, mini-golf black light et salles de f\u00eate.","og_url":"https:\/\/laserplus.ca\/sherbrooke\/a-propos\/","og_site_name":"Laser Plus Sherbrooke","article_publisher":"https:\/\/www.facebook.com\/laser.plus.sherbrooke\/","article_modified_time":"2025-02-10T20:24:16+00:00","og_image":[{"width":1200,"height":630,"url":"https:\/\/laserplus.ca\/sherbrooke\/wp-content\/uploads\/sites\/2\/2023\/05\/fbk-Laser-Plus-Sherbrooke.png","type":"image\/png"}],"schema":{"@context":"https:\/\/schema.org","@graph":[{"@type":"WebPage","@id":"https:\/\/laserplus.ca\/sherbrooke\/a-propos\/","url":"https:\/\/laserplus.ca\/sherbrooke\/a-propos\/","name":"Laser Plus Sherbrooke - Expert en Divertissement Familial","isPartOf":{"@id":"https:\/\/laserplus.ca\/sherbrooke\/#website"},"datePublished":"2023-05-12T17:47:53+00:00","dateModified":"2025-02-10T20:24:16+00:00","description":"Laser Plus Sherbrooke, sp\u00e9cialiste du divertissement depuis 20 ans. Profitez de nos labyrinthes de poursuite laser, mini-golf black light et salles de f\u00eate.","breadcrumb":{"@id":"https:\/\/laserplus.ca\/sherbrooke\/a-propos\/#breadcrumb"},"inLanguage":"fr-FR","potentialAction":[{"@type":"ReadAction","target":["https:\/\/laserplus.ca\/sherbrooke\/a-propos\/"]}]},{"@type":"BreadcrumbList","@id":"https:\/\/laserplus.ca\/sherbrooke\/a-propos\/#breadcrumb","itemListElement":[{"@type":"ListItem","position":1,"name":"Accueil","item":"https:\/\/laserplus.ca\/sherbrooke\/"},{"@type":"ListItem","position":2,"name":"\u00c0 propos"}]},{"@type":"WebSite","@id":"https:\/\/laserplus.ca\/sherbrooke\/#website","url":"https:\/\/laserplus.ca\/sherbrooke\/","name":"Laser Plus Sherbrooke","description":"Jeu de poursuite laser &amp; aventure laserputt","publisher":{"@id":"https:\/\/laserplus.ca\/sherbrooke\/#organization"},"potentialAction":[{"@type":"SearchAction","target":{"@type":"EntryPoint","urlTemplate":"https:\/\/laserplus.ca\/sherbrooke\/?s={search_term_string}"},"query-input":{"@type":"PropertyValueSpecification","valueRequired":true,"valueName":"search_term_string"}}],"inLanguage":"fr-FR"},{"@type":"Organization","@id":"https:\/\/laserplus.ca\/sherbrooke\/#organization","name":"Laser Plus Sherbrooke","url":"https:\/\/laserplus.ca\/sherbrooke\/","logo":{"@type":"ImageObject","inLanguage":"fr-FR","@id":"https:\/\/laserplus.ca\/sherbrooke\/#\/schema\/logo\/image\/","url":"https:\/\/laserplus.ca\/sherbrooke\/wp-content\/uploads\/sites\/2\/2023\/05\/logo-laser-plus-sherbrooke-footer.svg","contentUrl":"https:\/\/laserplus.ca\/sherbrooke\/wp-content\/uploads\/sites\/2\/2023\/05\/logo-laser-plus-sherbrooke-footer.svg","width":228,"height":149,"caption":"Laser Plus Sherbrooke"},"image":{"@id":"https:\/\/laserplus.ca\/sherbrooke\/#\/schema\/logo\/image\/"},"sameAs":["https:\/\/www.facebook.com\/laser.plus.sherbrooke\/","https:\/\/www.instagram.com\/laserplussherbrooke\/","https:\/\/www.tiktok.com\/@laserplus_sherbrooke"]}]}},"_links":{"self":[{"href":"https:\/\/laserplus.ca\/sherbrooke\/wp-json\/wp\/v2\/pages\/167","targetHints":{"allow":["GET"]}}],"collection":[{"href":"https:\/\/laserplus.ca\/sherbrooke\/wp-json\/wp\/v2\/pages"}],"about":[{"href":"https:\/\/laserplus.ca\/sherbrooke\/wp-json\/wp\/v2\/types\/page"}],"author":[{"embeddable":true,"href":"https:\/\/laserplus.ca\/sherbrooke\/wp-json\/wp\/v2\/users\/2"}],"replies":[{"embeddable":true,"href":"https:\/\/laserplus.ca\/sherbrooke\/wp-json\/wp\/v2\/comments?post=167"}],"version-history":[{"count":16,"href":"https:\/\/laserplus.ca\/sherbrooke\/wp-json\/wp\/v2\/pages\/167\/revisions"}],"predecessor-version":[{"id":727,"href":"https:\/\/laserplus.ca\/sherbrooke\/wp-json\/wp\/v2\/pages\/167\/revisions\/727"}],"wp:attachment":[{"href":"https:\/\/laserplus.ca\/sherbrooke\/wp-json\/wp\/v2\/media?parent=167"}],"curies":[{"name":"wp","href":"https:\/\/api.w.org\/{rel}","templated":true}]}}