{"id":478,"date":"2023-09-27T09:24:43","date_gmt":"2023-09-27T13:24:43","guid":{"rendered":"https:\/\/laserplus.ca\/sherbrooke\/?page_id=478"},"modified":"2025-03-24T13:07:27","modified_gmt":"2025-03-24T17:07:27","slug":"politique-de-confidentialite","status":"publish","type":"page","link":"https:\/\/laserplus.ca\/sherbrooke\/politique-de-confidentialite\/","title":{"rendered":"Politique de confidentialite\u0301"},"content":{"rendered":"<div class=\"fusion-fullwidth fullwidth-box fusion-builder-row-1 fusion-flex-container has-pattern-background has-mask-background nonhundred-percent-fullwidth non-hundred-percent-height-scrolling\" style=\"--awb-border-radius-top-left:0px;--awb-border-radius-top-right:0px;--awb-border-radius-bottom-right:0px;--awb-border-radius-bottom-left:0px;--awb-flex-wrap:wrap;\" ><div class=\"fusion-builder-row fusion-row fusion-flex-align-items-flex-start fusion-flex-content-wrap\" style=\"max-width:1696px;margin-left: calc(-6% \/ 2 );margin-right: calc(-6% \/ 2 );\"><div class=\"fusion-layout-column fusion_builder_column fusion-builder-column-0 fusion_builder_column_1_1 1_1 fusion-flex-column\" style=\"--awb-bg-size:cover;--awb-width-large:100%;--awb-margin-top-large:0px;--awb-spacing-right-large:2.82%;--awb-margin-bottom-large:80px;--awb-spacing-left-large:2.82%;--awb-width-medium:100%;--awb-order-medium:0;--awb-spacing-right-medium:2.82%;--awb-spacing-left-medium:2.82%;--awb-width-small:100%;--awb-order-small:0;--awb-spacing-right-small:2.82%;--awb-spacing-left-small:2.82%;\"><div class=\"fusion-column-wrapper fusion-column-has-shadow fusion-flex-justify-content-flex-start fusion-content-layout-column\"><div class=\"fusion-title title fusion-title-1 fusion-sep-none fusion-title-text fusion-title-size-two\" style=\"--awb-margin-top:0px;--awb-margin-top-small:0px;\"><h2 class=\"fusion-title-heading title-heading-left\" style=\"margin:0;text-transform:uppercase;\">Introduction<\/h2><\/div><div class=\"fusion-text fusion-text-1\"><p>Devant le d\u00e9veloppement des nouveaux outils de communication, il estn\u00e9cessaire de porter une attention particuli\u00e8re \u00e0 la protection de la vie priv\u00e9e. C\u2019est pourquoi, La Zone Plus(9377-8660 Qc. Inc.) engageons \u00e0 respecter la confidentialit\u00e9 des renseignements personnels que nous collectons.<\/p>\n<\/div><\/div><\/div><div class=\"fusion-layout-column fusion_builder_column fusion-builder-column-1 fusion_builder_column_1_1 1_1 fusion-flex-column\" style=\"--awb-bg-size:cover;--awb-width-large:100%;--awb-margin-top-large:0px;--awb-spacing-right-large:2.82%;--awb-margin-bottom-large:80px;--awb-spacing-left-large:2.82%;--awb-width-medium:100%;--awb-order-medium:0;--awb-spacing-right-medium:2.82%;--awb-spacing-left-medium:2.82%;--awb-width-small:100%;--awb-order-small:0;--awb-spacing-right-small:2.82%;--awb-spacing-left-small:2.82%;\"><div class=\"fusion-column-wrapper fusion-column-has-shadow fusion-flex-justify-content-flex-start fusion-content-layout-column\"><div class=\"fusion-title title fusion-title-2 fusion-sep-none fusion-title-text fusion-title-size-two\" style=\"--awb-margin-top:0px;--awb-margin-top-small:0px;\"><h2 class=\"fusion-title-heading title-heading-left\" style=\"margin:0;text-transform:uppercase;\">Collecte des renseignements personnels<\/h2><\/div><div class=\"fusion-text fusion-text-2\"><ul>\n<li>Pr\u00e9nom<\/li>\n<li>Adresse postale<\/li>\n<li>Code postal<\/li>\n<li>Adresse \u00e9lectronique<\/li>\n<li>Num\u00e9ro de t\u00e9l\u00e9phone<\/li>\n<\/ul>\n<\/div><div class=\"fusion-text fusion-text-3\"><p>Les renseignements personnels que nous collectons sont recueillis au travers de formulaires et gr\u00e2ce \u00e0 l\u2019interactivit\u00e9 \u00e9tablie entre vous et notre site Web et les sites partenaire (Bookeo.com, Stripe.com). Nous utilisons \u00e9galement, comme indiqu\u00e9 dans la section suivante, des fichiers t\u00e9moins et\/ou journaux pour r\u00e9unir<br \/>\ndes informations vous concernant.<\/p>\n<\/div><\/div><\/div><div class=\"fusion-layout-column fusion_builder_column fusion-builder-column-2 fusion_builder_column_1_1 1_1 fusion-flex-column\" style=\"--awb-bg-size:cover;--awb-width-large:100%;--awb-margin-top-large:0px;--awb-spacing-right-large:2.82%;--awb-margin-bottom-large:80px;--awb-spacing-left-large:2.82%;--awb-width-medium:100%;--awb-order-medium:0;--awb-spacing-right-medium:2.82%;--awb-spacing-left-medium:2.82%;--awb-width-small:100%;--awb-order-small:0;--awb-spacing-right-small:2.82%;--awb-spacing-left-small:2.82%;\"><div class=\"fusion-column-wrapper fusion-column-has-shadow fusion-flex-justify-content-flex-start fusion-content-layout-column\"><div class=\"fusion-title title fusion-title-3 fusion-sep-none fusion-title-text fusion-title-size-two\" style=\"--awb-margin-top:0px;--awb-margin-top-small:0px;\"><h2 class=\"fusion-title-heading title-heading-left\" style=\"margin:0;text-transform:uppercase;\">Formulaires et interactivit\u00e9:<\/h2><\/div><div class=\"fusion-text fusion-text-4\"><p>Vos renseignements personnels sont collect\u00e9s par le biais de formulaire, \u00e0 savoir :<\/p>\n<ul>\n<li>Formulaire d&rsquo;inscription au site Web<\/li>\n<li>Formulaire de commande (Par notre partenaire de commande et r\u00e9servations BOOKEO.COM, STRIPE \u00bbCOM (voir la politique bookeo.com, et stripe.com) Nous utilisons les renseignements ainsi collect\u00e9s pour les finalit\u00e9s suivantes :<\/li>\n<li>Suivi de la commande<\/li>\n<li>Informations \/ Offres promotionnelles<\/li>\n<li>Statistiques<\/li>\n<li>Contact<\/li>\n<\/ul>\n<\/div><\/div><\/div><div class=\"fusion-layout-column fusion_builder_column fusion-builder-column-3 fusion_builder_column_1_1 1_1 fusion-flex-column\" style=\"--awb-bg-size:cover;--awb-width-large:100%;--awb-margin-top-large:0px;--awb-spacing-right-large:2.82%;--awb-margin-bottom-large:80px;--awb-spacing-left-large:2.82%;--awb-width-medium:100%;--awb-order-medium:0;--awb-spacing-right-medium:2.82%;--awb-spacing-left-medium:2.82%;--awb-width-small:100%;--awb-order-small:0;--awb-spacing-right-small:2.82%;--awb-spacing-left-small:2.82%;\"><div class=\"fusion-column-wrapper fusion-column-has-shadow fusion-flex-justify-content-flex-start fusion-content-layout-column\"><div class=\"fusion-title title fusion-title-4 fusion-sep-none fusion-title-text fusion-title-size-two\" style=\"--awb-margin-top:0px;--awb-margin-top-small:0px;\"><h2 class=\"fusion-title-heading title-heading-left\" style=\"margin:0;text-transform:uppercase;\">Droit d\u2019opposition et de retrait<\/h2><\/div><div class=\"fusion-text fusion-text-5\"><p>Nous nous engageons \u00e0 vous offrir un droit d\u2019opposition et de retrait quant \u00e0 vos renseignements personnels. Le droit d\u2019opposition s\u2019entend comme \u00e9tant la possiblit\u00e9 offerte aux internautes de refuser que leurs renseignements personnels soient utilis\u00e9es \u00e0 certaines fins mentionn\u00e9es lors de la collecte.<\/p>\n<\/div><div class=\"fusion-text fusion-text-6\"><p>Le droit de retrait s\u2019entend comme \u00e9tant la possiblit\u00e9 offerte aux internautes de demander \u00e0 ce que leurs renseignements personnels ne figurent plus, par exemple, dans une liste de diffusion.<\/p>\n<\/div><div class=\"fusion-title title fusion-title-5 fusion-sep-none fusion-title-text fusion-title-size-four\" style=\"--awb-margin-top:0px;--awb-margin-top-small:0px;\"><h4 class=\"fusion-title-heading title-heading-left\" style=\"margin:0;text-transform:uppercase;\">Pour pouvoir exercer ces droits, vous pouvez :<\/h4><\/div><div class=\"fusion-text fusion-text-7\"><div>Code postal : j1e2x4<\/div>\n<div>Courriel : <a href=\"mailto:info@laserplus.ca\">info@laserplus.ca<\/a><\/div>\n<div>T\u00e9l\u00e9phone : 8193460565<\/div>\n<\/div><\/div><\/div><div class=\"fusion-layout-column fusion_builder_column fusion-builder-column-4 fusion_builder_column_1_1 1_1 fusion-flex-column\" style=\"--awb-bg-size:cover;--awb-width-large:100%;--awb-margin-top-large:0px;--awb-spacing-right-large:2.82%;--awb-margin-bottom-large:80px;--awb-spacing-left-large:2.82%;--awb-width-medium:100%;--awb-order-medium:0;--awb-spacing-right-medium:2.82%;--awb-spacing-left-medium:2.82%;--awb-width-small:100%;--awb-order-small:0;--awb-spacing-right-small:2.82%;--awb-spacing-left-small:2.82%;\"><div class=\"fusion-column-wrapper fusion-column-has-shadow fusion-flex-justify-content-flex-start fusion-content-layout-column\"><div class=\"fusion-title title fusion-title-6 fusion-sep-none fusion-title-text fusion-title-size-two\" style=\"--awb-margin-top:0px;--awb-margin-top-small:0px;\"><h2 class=\"fusion-title-heading title-heading-left\" style=\"margin:0;text-transform:uppercase;\">Droit d\u2019acc\u00e8s<\/h2><\/div><div class=\"fusion-text fusion-text-8\"><p>Nous nous engageons \u00e0 reconna\u00eetre un droit d\u2019acc\u00e8s et de rectification aux personnes concern\u00e9es d\u00e9sireuses de consulter, modifier, voire radier les informations les concernant.<\/p>\n<\/div><div class=\"fusion-title title fusion-title-7 fusion-sep-none fusion-title-text fusion-title-size-four\" style=\"--awb-margin-top:0px;--awb-margin-top-small:0px;\"><h4 class=\"fusion-title-heading title-heading-left\" style=\"margin:0;text-transform:uppercase;\">L\u2019exercice de ce droit se fera :<\/h4><\/div><div class=\"fusion-text fusion-text-9\"><div>Code postal : j1e2x4<\/div>\n<div>Courriel : <a href=\"mailto:info@laserplus.ca\">info@laserplus.ca<\/a><\/div>\n<div>T\u00e9l\u00e9phone : 8193460565<\/div>\n<\/div><\/div><\/div><div class=\"fusion-layout-column fusion_builder_column fusion-builder-column-5 fusion_builder_column_1_1 1_1 fusion-flex-column\" style=\"--awb-bg-size:cover;--awb-width-large:100%;--awb-margin-top-large:0px;--awb-spacing-right-large:2.82%;--awb-margin-bottom-large:80px;--awb-spacing-left-large:2.82%;--awb-width-medium:100%;--awb-order-medium:0;--awb-spacing-right-medium:2.82%;--awb-spacing-left-medium:2.82%;--awb-width-small:100%;--awb-order-small:0;--awb-spacing-right-small:2.82%;--awb-spacing-left-small:2.82%;\"><div class=\"fusion-column-wrapper fusion-column-has-shadow fusion-flex-justify-content-flex-start fusion-content-layout-column\"><div class=\"fusion-title title fusion-title-8 fusion-sep-none fusion-title-text fusion-title-size-two\" style=\"--awb-margin-top:0px;--awb-margin-top-small:0px;\"><h2 class=\"fusion-title-heading title-heading-left\" style=\"margin:0;text-transform:uppercase;\">S\u00e9curit\u00e9<\/h2><\/div><div class=\"fusion-text fusion-text-10\"><p>Les renseignements personnels que nous collectons sont conserv\u00e9s dans un environnement s\u00e9curis\u00e9. Les personnes travaillant pour nous sont tenues de respecter la confidentialit\u00e9 de vos informations.<\/p>\n<\/div><div class=\"fusion-title title fusion-title-9 fusion-sep-none fusion-title-text fusion-title-size-four\" style=\"--awb-margin-top:0px;--awb-margin-top-small:0px;\"><h4 class=\"fusion-title-heading title-heading-left\" style=\"margin:0;text-transform:uppercase;\">L\u2019exercice de ce droit se fera :<\/h4><\/div><div class=\"fusion-text fusion-text-11\"><p>Pour assurer la s\u00e9curit\u00e9 de vos renseignements personnels, nous avons recours aux mesures suivantes :<\/p>\n<ul>\n<li>Protocole SSL<\/li>\n<li>Gestion des acc\u00e8s &#8211; personne autoris\u00e9e<\/li>\n<li>Gestion des acc\u00e8s &#8211; personne concern\u00e9e<\/li>\n<li>Sauvegarde informatique<\/li>\n<li>Identifiant \/ mot de passe<\/li>\n<\/ul>\n<\/div><div class=\"fusion-text fusion-text-12\"><p>Nous nous engageons \u00e0 maintenir un haut degr\u00e9 de confidentialit\u00e9 en int\u00e9grant des innovations technologiques permettant d\u2019assurer la confidentialit\u00e9 de vos transactions. Toutefois, comme aucun m\u00e9canisme n\u2019offre une s\u00e9curit\u00e9 maximale, une part de risque est toujours pr\u00e9sente lorsque l\u2019on utilise Internet pour transmettre des renseignements personnels.<\/p>\n<\/div><\/div><\/div><\/div><\/div>\n","protected":false},"excerpt":{"rendered":"","protected":false},"author":1,"featured_media":0,"parent":0,"menu_order":0,"comment_status":"closed","ping_status":"closed","template":"100-width.php","meta":{"_acf_changed":false,"footnotes":""},"class_list":["post-478","page","type-page","status-publish","hentry"],"acf":[],"yoast_head":"<!-- This site is optimized with the Yoast SEO plugin v24.3 - https:\/\/yoast.com\/wordpress\/plugins\/seo\/ -->\n<title>Politique de confidentialite\u0301 - Laser Plus Sherbrooke<\/title>\n<meta name=\"description\" content=\"D\u00e9couvrez la politique de confidentialit\u00e9 de Laser Plus Sherbrooke. Nous d\u00e9taillons la mani\u00e8re dont nous collectons, utilisons et prot\u00e9geons vos informations personnelles.\" \/>\n<meta name=\"robots\" content=\"index, follow, max-snippet:-1, max-image-preview:large, max-video-preview:-1\" \/>\n<link rel=\"canonical\" href=\"https:\/\/laserplus.ca\/sherbrooke\/politique-de-confidentialite\/\" \/>\n<meta property=\"og:locale\" content=\"fr_FR\" \/>\n<meta property=\"og:type\" content=\"article\" \/>\n<meta property=\"og:title\" content=\"Politique de confidentialite\u0301 - Laser Plus Sherbrooke\" \/>\n<meta property=\"og:description\" content=\"D\u00e9couvrez la politique de confidentialit\u00e9 de Laser Plus Sherbrooke. Nous d\u00e9taillons la mani\u00e8re dont nous collectons, utilisons et prot\u00e9geons vos informations personnelles.\" \/>\n<meta property=\"og:url\" content=\"https:\/\/laserplus.ca\/sherbrooke\/politique-de-confidentialite\/\" \/>\n<meta property=\"og:site_name\" content=\"Laser Plus Sherbrooke\" \/>\n<meta property=\"article:publisher\" content=\"https:\/\/www.facebook.com\/laser.plus.sherbrooke\/\" \/>\n<meta property=\"article:modified_time\" content=\"2025-03-24T17:07:27+00:00\" \/>\n<meta property=\"og:image\" content=\"https:\/\/laserplus.ca\/sherbrooke\/wp-content\/uploads\/sites\/2\/2023\/05\/fbk-Laser-Plus-Sherbrooke.png\" \/>\n\t<meta property=\"og:image:width\" content=\"1200\" \/>\n\t<meta property=\"og:image:height\" content=\"630\" \/>\n\t<meta property=\"og:image:type\" content=\"image\/png\" \/>\n<script type=\"application\/ld+json\" class=\"yoast-schema-graph\">{\"@context\":\"https:\/\/schema.org\",\"@graph\":[{\"@type\":\"WebPage\",\"@id\":\"https:\/\/laserplus.ca\/sherbrooke\/politique-de-confidentialite\/\",\"url\":\"https:\/\/laserplus.ca\/sherbrooke\/politique-de-confidentialite\/\",\"name\":\"Politique de confidentialite\u0301 - Laser Plus Sherbrooke\",\"isPartOf\":{\"@id\":\"https:\/\/laserplus.ca\/sherbrooke\/#website\"},\"datePublished\":\"2023-09-27T13:24:43+00:00\",\"dateModified\":\"2025-03-24T17:07:27+00:00\",\"description\":\"D\u00e9couvrez la politique de confidentialit\u00e9 de Laser Plus Sherbrooke. Nous d\u00e9taillons la mani\u00e8re dont nous collectons, utilisons et prot\u00e9geons vos informations personnelles.\",\"breadcrumb\":{\"@id\":\"https:\/\/laserplus.ca\/sherbrooke\/politique-de-confidentialite\/#breadcrumb\"},\"inLanguage\":\"fr-FR\",\"potentialAction\":[{\"@type\":\"ReadAction\",\"target\":[\"https:\/\/laserplus.ca\/sherbrooke\/politique-de-confidentialite\/\"]}]},{\"@type\":\"BreadcrumbList\",\"@id\":\"https:\/\/laserplus.ca\/sherbrooke\/politique-de-confidentialite\/#breadcrumb\",\"itemListElement\":[{\"@type\":\"ListItem\",\"position\":1,\"name\":\"Accueil\",\"item\":\"https:\/\/laserplus.ca\/sherbrooke\/\"},{\"@type\":\"ListItem\",\"position\":2,\"name\":\"Politique de confidentialite\u0301\"}]},{\"@type\":\"WebSite\",\"@id\":\"https:\/\/laserplus.ca\/sherbrooke\/#website\",\"url\":\"https:\/\/laserplus.ca\/sherbrooke\/\",\"name\":\"Laser Plus Sherbrooke\",\"description\":\"Jeu de poursuite laser &amp; aventure laserputt\",\"publisher\":{\"@id\":\"https:\/\/laserplus.ca\/sherbrooke\/#organization\"},\"potentialAction\":[{\"@type\":\"SearchAction\",\"target\":{\"@type\":\"EntryPoint\",\"urlTemplate\":\"https:\/\/laserplus.ca\/sherbrooke\/?s={search_term_string}\"},\"query-input\":{\"@type\":\"PropertyValueSpecification\",\"valueRequired\":true,\"valueName\":\"search_term_string\"}}],\"inLanguage\":\"fr-FR\"},{\"@type\":\"Organization\",\"@id\":\"https:\/\/laserplus.ca\/sherbrooke\/#organization\",\"name\":\"Laser Plus Sherbrooke\",\"url\":\"https:\/\/laserplus.ca\/sherbrooke\/\",\"logo\":{\"@type\":\"ImageObject\",\"inLanguage\":\"fr-FR\",\"@id\":\"https:\/\/laserplus.ca\/sherbrooke\/#\/schema\/logo\/image\/\",\"url\":\"https:\/\/laserplus.ca\/sherbrooke\/wp-content\/uploads\/sites\/2\/2023\/05\/logo-laser-plus-sherbrooke-footer.svg\",\"contentUrl\":\"https:\/\/laserplus.ca\/sherbrooke\/wp-content\/uploads\/sites\/2\/2023\/05\/logo-laser-plus-sherbrooke-footer.svg\",\"width\":228,\"height\":149,\"caption\":\"Laser Plus Sherbrooke\"},\"image\":{\"@id\":\"https:\/\/laserplus.ca\/sherbrooke\/#\/schema\/logo\/image\/\"},\"sameAs\":[\"https:\/\/www.facebook.com\/laser.plus.sherbrooke\/\",\"https:\/\/www.instagram.com\/laserplussherbrooke\/\",\"https:\/\/www.tiktok.com\/@laserplus_sherbrooke\"]}]}<\/script>\n<!-- \/ Yoast SEO plugin. -->","yoast_head_json":{"title":"Politique de confidentialite\u0301 - Laser Plus Sherbrooke","description":"D\u00e9couvrez la politique de confidentialit\u00e9 de Laser Plus Sherbrooke. Nous d\u00e9taillons la mani\u00e8re dont nous collectons, utilisons et prot\u00e9geons vos informations personnelles.","robots":{"index":"index","follow":"follow","max-snippet":"max-snippet:-1","max-image-preview":"max-image-preview:large","max-video-preview":"max-video-preview:-1"},"canonical":"https:\/\/laserplus.ca\/sherbrooke\/politique-de-confidentialite\/","og_locale":"fr_FR","og_type":"article","og_title":"Politique de confidentialite\u0301 - Laser Plus Sherbrooke","og_description":"D\u00e9couvrez la politique de confidentialit\u00e9 de Laser Plus Sherbrooke. Nous d\u00e9taillons la mani\u00e8re dont nous collectons, utilisons et prot\u00e9geons vos informations personnelles.","og_url":"https:\/\/laserplus.ca\/sherbrooke\/politique-de-confidentialite\/","og_site_name":"Laser Plus Sherbrooke","article_publisher":"https:\/\/www.facebook.com\/laser.plus.sherbrooke\/","article_modified_time":"2025-03-24T17:07:27+00:00","og_image":[{"width":1200,"height":630,"url":"https:\/\/laserplus.ca\/sherbrooke\/wp-content\/uploads\/sites\/2\/2023\/05\/fbk-Laser-Plus-Sherbrooke.png","type":"image\/png"}],"schema":{"@context":"https:\/\/schema.org","@graph":[{"@type":"WebPage","@id":"https:\/\/laserplus.ca\/sherbrooke\/politique-de-confidentialite\/","url":"https:\/\/laserplus.ca\/sherbrooke\/politique-de-confidentialite\/","name":"Politique de confidentialite\u0301 - Laser Plus Sherbrooke","isPartOf":{"@id":"https:\/\/laserplus.ca\/sherbrooke\/#website"},"datePublished":"2023-09-27T13:24:43+00:00","dateModified":"2025-03-24T17:07:27+00:00","description":"D\u00e9couvrez la politique de confidentialit\u00e9 de Laser Plus Sherbrooke. Nous d\u00e9taillons la mani\u00e8re dont nous collectons, utilisons et prot\u00e9geons vos informations personnelles.","breadcrumb":{"@id":"https:\/\/laserplus.ca\/sherbrooke\/politique-de-confidentialite\/#breadcrumb"},"inLanguage":"fr-FR","potentialAction":[{"@type":"ReadAction","target":["https:\/\/laserplus.ca\/sherbrooke\/politique-de-confidentialite\/"]}]},{"@type":"BreadcrumbList","@id":"https:\/\/laserplus.ca\/sherbrooke\/politique-de-confidentialite\/#breadcrumb","itemListElement":[{"@type":"ListItem","position":1,"name":"Accueil","item":"https:\/\/laserplus.ca\/sherbrooke\/"},{"@type":"ListItem","position":2,"name":"Politique de confidentialite\u0301"}]},{"@type":"WebSite","@id":"https:\/\/laserplus.ca\/sherbrooke\/#website","url":"https:\/\/laserplus.ca\/sherbrooke\/","name":"Laser Plus Sherbrooke","description":"Jeu de poursuite laser &amp; aventure laserputt","publisher":{"@id":"https:\/\/laserplus.ca\/sherbrooke\/#organization"},"potentialAction":[{"@type":"SearchAction","target":{"@type":"EntryPoint","urlTemplate":"https:\/\/laserplus.ca\/sherbrooke\/?s={search_term_string}"},"query-input":{"@type":"PropertyValueSpecification","valueRequired":true,"valueName":"search_term_string"}}],"inLanguage":"fr-FR"},{"@type":"Organization","@id":"https:\/\/laserplus.ca\/sherbrooke\/#organization","name":"Laser Plus Sherbrooke","url":"https:\/\/laserplus.ca\/sherbrooke\/","logo":{"@type":"ImageObject","inLanguage":"fr-FR","@id":"https:\/\/laserplus.ca\/sherbrooke\/#\/schema\/logo\/image\/","url":"https:\/\/laserplus.ca\/sherbrooke\/wp-content\/uploads\/sites\/2\/2023\/05\/logo-laser-plus-sherbrooke-footer.svg","contentUrl":"https:\/\/laserplus.ca\/sherbrooke\/wp-content\/uploads\/sites\/2\/2023\/05\/logo-laser-plus-sherbrooke-footer.svg","width":228,"height":149,"caption":"Laser Plus Sherbrooke"},"image":{"@id":"https:\/\/laserplus.ca\/sherbrooke\/#\/schema\/logo\/image\/"},"sameAs":["https:\/\/www.facebook.com\/laser.plus.sherbrooke\/","https:\/\/www.instagram.com\/laserplussherbrooke\/","https:\/\/www.tiktok.com\/@laserplus_sherbrooke"]}]}},"_links":{"self":[{"href":"https:\/\/laserplus.ca\/sherbrooke\/wp-json\/wp\/v2\/pages\/478","targetHints":{"allow":["GET"]}}],"collection":[{"href":"https:\/\/laserplus.ca\/sherbrooke\/wp-json\/wp\/v2\/pages"}],"about":[{"href":"https:\/\/laserplus.ca\/sherbrooke\/wp-json\/wp\/v2\/types\/page"}],"author":[{"embeddable":true,"href":"https:\/\/laserplus.ca\/sherbrooke\/wp-json\/wp\/v2\/users\/1"}],"replies":[{"embeddable":true,"href":"https:\/\/laserplus.ca\/sherbrooke\/wp-json\/wp\/v2\/comments?post=478"}],"version-history":[{"count":2,"href":"https:\/\/laserplus.ca\/sherbrooke\/wp-json\/wp\/v2\/pages\/478\/revisions"}],"predecessor-version":[{"id":829,"href":"https:\/\/laserplus.ca\/sherbrooke\/wp-json\/wp\/v2\/pages\/478\/revisions\/829"}],"wp:attachment":[{"href":"https:\/\/laserplus.ca\/sherbrooke\/wp-json\/wp\/v2\/media?parent=478"}],"curies":[{"name":"wp","href":"https:\/\/api.w.org\/{rel}","templated":true}]}}