{"id":101,"date":"2023-05-15T09:26:05","date_gmt":"2023-05-15T13:26:05","guid":{"rendered":"https:\/\/laserplus.ca\/trois-rivieres\/?page_id=101"},"modified":"2025-03-25T16:02:51","modified_gmt":"2025-03-25T20:02:51","slug":"nous-joindre","status":"publish","type":"page","link":"https:\/\/laserplus.ca\/trois-rivieres\/nous-joindre\/","title":{"rendered":"Nous joindre"},"content":{"rendered":"<div class=\"fusion-fullwidth fullwidth-box fusion-builder-row-1 fusion-flex-container has-pattern-background has-mask-background nonhundred-percent-fullwidth non-hundred-percent-height-scrolling\" style=\"--awb-border-radius-top-left:0px;--awb-border-radius-top-right:0px;--awb-border-radius-bottom-right:0px;--awb-border-radius-bottom-left:0px;--awb-flex-wrap:wrap;\" ><div class=\"fusion-builder-row fusion-row fusion-flex-align-items-flex-start fusion-flex-content-wrap\" style=\"max-width:1696px;margin-left: calc(-6% \/ 2 );margin-right: calc(-6% \/ 2 );\"><div class=\"fusion-layout-column fusion_builder_column fusion-builder-column-0 fusion_builder_column_1_3 1_3 fusion-flex-column fusion-animated\" style=\"--awb-bg-size:cover;--awb-width-large:33.333333333333%;--awb-margin-top-large:0px;--awb-spacing-right-large:8.46%;--awb-margin-bottom-large:80px;--awb-spacing-left-large:8.46%;--awb-width-medium:33.333333333333%;--awb-order-medium:0;--awb-spacing-right-medium:8.46%;--awb-spacing-left-medium:8.46%;--awb-width-small:100%;--awb-order-small:0;--awb-spacing-right-small:2.82%;--awb-spacing-left-small:2.82%;\" data-animationType=\"fadeInRight\" data-animationDuration=\"1.0\" data-animationOffset=\"top-into-view\" data-scroll-devices=\"small-visibility,medium-visibility,large-visibility\"><div class=\"fusion-column-wrapper fusion-column-has-shadow fusion-flex-justify-content-flex-start fusion-content-layout-column\"><div class=\"fusion-image-element \" style=\"--awb-margin-bottom:50px;--awb-max-width:250px;--awb-caption-title-font-family:var(--h2_typography-font-family);--awb-caption-title-font-weight:var(--h2_typography-font-weight);--awb-caption-title-font-style:var(--h2_typography-font-style);--awb-caption-title-size:var(--h2_typography-font-size);--awb-caption-title-transform:var(--h2_typography-text-transform);--awb-caption-title-line-height:var(--h2_typography-line-height);--awb-caption-title-letter-spacing:var(--h2_typography-letter-spacing);\"><span class=\" fusion-imageframe imageframe-none imageframe-1 hover-type-none\"><img decoding=\"async\" width=\"229\" height=\"150\" alt=\"Laser Plus Trois-Rivi\u00e8res - Jeu de poursuite laser &amp; Aventure Laserputt\" title=\"logolaser-plus-TR-footer\" src=\"https:\/\/laserplus.ca\/trois-rivieres\/wp-content\/uploads\/sites\/3\/2023\/05\/logolaser-plus-TR-footer.svg\" class=\"img-responsive wp-image-64\"\/><\/span><\/div><div class=\"fusion-text fusion-text-1\"><p>2410, Louis-Allyson,<br \/>\nTrois-Rivi\u00e8res, QC G8Z 4G3<\/p>\n<\/div><div class=\"fusion-text fusion-text-2 phone\"><p><a href=\"tel:8193763555\">819 376-3555<\/a><\/p>\n<\/div><\/div><\/div><div class=\"fusion-layout-column fusion_builder_column fusion-builder-column-1 fusion_builder_column_2_3 2_3 fusion-flex-column fusion-animated\" style=\"--awb-bg-size:cover;--awb-width-large:66.666666666667%;--awb-margin-top-large:0px;--awb-spacing-right-large:4.23%;--awb-margin-bottom-large:80px;--awb-spacing-left-large:4.23%;--awb-width-medium:66.666666666667%;--awb-order-medium:0;--awb-spacing-right-medium:4.23%;--awb-spacing-left-medium:4.23%;--awb-width-small:100%;--awb-order-small:0;--awb-spacing-right-small:2.82%;--awb-spacing-left-small:2.82%;\" data-animationType=\"fadeInUp\" data-animationDuration=\"1.5\" data-animationOffset=\"top-into-view\" data-scroll-devices=\"small-visibility,medium-visibility,large-visibility\"><div class=\"fusion-column-wrapper fusion-column-has-shadow fusion-flex-justify-content-flex-start fusion-content-layout-column\"><div class=\"fusion-title title fusion-title-1 fusion-sep-none fusion-title-text fusion-title-size-two\" style=\"--awb-margin-top:0px;--awb-margin-top-small:0px;\"><h2 class=\"fusion-title-heading title-heading-left\" style=\"margin:0;text-transform:uppercase;\">Questions ou commentaires?<\/h2><\/div><div class=\"fusion-text fusion-text-3\"><p>Pour une r\u00e9servation, soyez le plus d\u00e9taill\u00e9 possible (nombre de joueurs, le ou les activit\u00e9s choisi, nombre de parties, heures, date etc.) Cependant, l&rsquo;id\u00e9al est de nous contacter par t\u00e9l\u00e9phone au <a href=\"tel:8193760565\">819 376-3555<\/a><\/p>\n<\/div><div class=\"fusion-separator fusion-full-width-sep\" style=\"align-self: center;margin-left: auto;margin-right: auto;margin-bottom:20px;width:100%;\"><\/div>\n<div class=\"wpcf7 no-js\" id=\"wpcf7-f132-o1\" lang=\"fr-CA\" dir=\"ltr\" data-wpcf7-id=\"132\">\n<div class=\"screen-reader-response\"><p role=\"status\" aria-live=\"polite\" aria-atomic=\"true\"><\/p> <ul><\/ul><\/div>\n<form action=\"\/trois-rivieres\/wp-json\/wp\/v2\/pages\/101#wpcf7-f132-o1\" method=\"post\" class=\"wpcf7-form init\" aria-label=\"Contact form\" novalidate=\"novalidate\" data-status=\"init\">\n<div style=\"display: none;\">\n<input type=\"hidden\" name=\"_wpcf7\" value=\"132\" \/>\n<input type=\"hidden\" name=\"_wpcf7_version\" value=\"6.0.3\" \/>\n<input type=\"hidden\" name=\"_wpcf7_locale\" value=\"fr_CA\" \/>\n<input type=\"hidden\" name=\"_wpcf7_unit_tag\" value=\"wpcf7-f132-o1\" \/>\n<input type=\"hidden\" name=\"_wpcf7_container_post\" value=\"0\" \/>\n<input type=\"hidden\" name=\"_wpcf7_posted_data_hash\" value=\"\" \/>\n<input type=\"hidden\" name=\"_wpcf7_recaptcha_response\" value=\"\" \/>\n<\/div>\n<div class=\"double-input\">\n\t<div class=\"input-left\">\n\t\t<p><span class=\"wpcf7-form-control-wrap\" data-name=\"your-firstname\"><input size=\"40\" maxlength=\"400\" class=\"wpcf7-form-control wpcf7-text wpcf7-validates-as-required\" aria-required=\"true\" aria-invalid=\"false\" placeholder=\"Pr\u00e9nom*\" value=\"\" type=\"text\" name=\"your-firstname\" \/><\/span>\n\t\t<\/p>\n\t<\/div>\n\t<div class=\"input-right\">\n\t\t<p><span class=\"wpcf7-form-control-wrap\" data-name=\"your-name\"><input size=\"40\" maxlength=\"400\" class=\"wpcf7-form-control wpcf7-text wpcf7-validates-as-required\" aria-required=\"true\" aria-invalid=\"false\" placeholder=\"Nom*\" value=\"\" type=\"text\" name=\"your-name\" \/><\/span>\n\t\t<\/p>\n\t<\/div>\n<\/div>\n<div class=\"double-input\">\n\t<div class=\"input-left\">\n\t\t<p><span class=\"wpcf7-form-control-wrap\" data-name=\"your-phone\"><input size=\"40\" maxlength=\"400\" class=\"wpcf7-form-control wpcf7-tel wpcf7-validates-as-required wpcf7-text wpcf7-validates-as-tel\" aria-required=\"true\" aria-invalid=\"false\" placeholder=\"T\u00e9l\u00e9phone*\" value=\"\" type=\"tel\" name=\"your-phone\" \/><\/span>\n\t\t<\/p>\n\t<\/div>\n\t<div class=\"input-right\">\n\t\t<p><span class=\"wpcf7-form-control-wrap\" data-name=\"your-email\"><input size=\"40\" maxlength=\"400\" class=\"wpcf7-form-control wpcf7-email wpcf7-validates-as-required wpcf7-text wpcf7-validates-as-email\" aria-required=\"true\" aria-invalid=\"false\" placeholder=\"Courriel*\" value=\"\" type=\"email\" name=\"your-email\" \/><\/span>\n\t\t<\/p>\n\t<\/div>\n<\/div>\n<div>\n\t<p><span class=\"wpcf7-form-control-wrap\" data-name=\"your-subject\"><input size=\"40\" maxlength=\"400\" class=\"wpcf7-form-control wpcf7-text wpcf7-validates-as-required\" aria-required=\"true\" aria-invalid=\"false\" placeholder=\"Sujet*\" value=\"\" type=\"text\" name=\"your-subject\" \/><\/span>\n\t<\/p>\n<\/div>\n<div class=\"spacer\">\n\t<p>&nbsp;\n\t<\/p>\n<\/div>\n<div>\n\t<p><span class=\"wpcf7-form-control-wrap\" data-name=\"your-message\"><textarea cols=\"40\" rows=\"10\" maxlength=\"2000\" class=\"wpcf7-form-control wpcf7-textarea wpcf7-validates-as-required\" aria-required=\"true\" aria-invalid=\"false\" placeholder=\"Message*\" name=\"your-message\"><\/textarea><\/span>\n\t<\/p>\n<\/div>\n<div class=\"btn-form\">\n\t<p><input class=\"wpcf7-form-control wpcf7-submit has-spinner\" type=\"submit\" value=\"Envoyer\" \/>\n\t<\/p>\n<\/div><div class=\"fusion-alert alert custom alert-custom fusion-alert-center wpcf7-response-output awb-alert-native-link-color alert-dismissable awb-alert-close-boxed\" style=\"--awb-border-size:2px;--awb-border-top-left-radius:0px;--awb-border-top-right-radius:0px;--awb-border-bottom-left-radius:0px;--awb-border-bottom-right-radius:0px;\" role=\"alert\"><div class=\"fusion-alert-content-wrapper\"><span class=\"fusion-alert-content\"><\/span><\/div><button type=\"button\" class=\"close toggle-alert\" data-dismiss=\"alert\" aria-label=\"Close\">&times;<\/button><\/div>\n<\/form>\n<\/div>\n<\/div><\/div><\/div><\/div>\n","protected":false},"excerpt":{"rendered":"","protected":false},"author":2,"featured_media":0,"parent":0,"menu_order":0,"comment_status":"closed","ping_status":"closed","template":"100-width.php","meta":{"_acf_changed":false,"footnotes":""},"class_list":["post-101","page","type-page","status-publish","hentry"],"acf":[],"yoast_head":"<!-- This site is optimized with the Yoast SEO plugin v24.3 - https:\/\/yoast.com\/wordpress\/plugins\/seo\/ -->\n<title>Contactez Laser Plus \u00e0 Trois-Rivi\u00e8res<\/title>\n<meta name=\"description\" content=\"Vous avez des questions ou besoin de r\u00e9server une partie? Contactez-nous \u00e0 Laser Plus Trois-Rivi\u00e8res, nous sommes l\u00e0 pour vous aider.\" \/>\n<meta name=\"robots\" content=\"index, follow, max-snippet:-1, max-image-preview:large, max-video-preview:-1\" \/>\n<link rel=\"canonical\" href=\"https:\/\/laserplus.ca\/trois-rivieres\/nous-joindre\/\" \/>\n<meta property=\"og:locale\" content=\"fr_FR\" \/>\n<meta property=\"og:type\" content=\"article\" \/>\n<meta property=\"og:title\" content=\"Contactez Laser Plus \u00e0 Trois-Rivi\u00e8res\" \/>\n<meta property=\"og:description\" content=\"Vous avez des questions ou besoin de r\u00e9server une partie? Contactez-nous \u00e0 Laser Plus Trois-Rivi\u00e8res, nous sommes l\u00e0 pour vous aider.\" \/>\n<meta property=\"og:url\" content=\"https:\/\/laserplus.ca\/trois-rivieres\/nous-joindre\/\" \/>\n<meta property=\"og:site_name\" content=\"Laser Plus Trois-Rivi\u00e8res\" \/>\n<meta property=\"article:publisher\" content=\"https:\/\/www.facebook.com\/laser.plus.troisrivieres\/\" \/>\n<meta property=\"article:modified_time\" content=\"2025-03-25T20:02:51+00:00\" \/>\n<meta property=\"og:image\" content=\"https:\/\/laserplus.ca\/trois-rivieres\/wp-content\/uploads\/sites\/3\/2023\/05\/fbk-Laser-Plus-Trois-Rivieres.png\" \/>\n\t<meta property=\"og:image:width\" content=\"1200\" \/>\n\t<meta property=\"og:image:height\" content=\"630\" \/>\n\t<meta property=\"og:image:type\" content=\"image\/png\" \/>\n<script type=\"application\/ld+json\" class=\"yoast-schema-graph\">{\"@context\":\"https:\/\/schema.org\",\"@graph\":[{\"@type\":\"WebPage\",\"@id\":\"https:\/\/laserplus.ca\/trois-rivieres\/nous-joindre\/\",\"url\":\"https:\/\/laserplus.ca\/trois-rivieres\/nous-joindre\/\",\"name\":\"Contactez Laser Plus \u00e0 Trois-Rivi\u00e8res\",\"isPartOf\":{\"@id\":\"https:\/\/laserplus.ca\/trois-rivieres\/#website\"},\"datePublished\":\"2023-05-15T13:26:05+00:00\",\"dateModified\":\"2025-03-25T20:02:51+00:00\",\"description\":\"Vous avez des questions ou besoin de r\u00e9server une partie? Contactez-nous \u00e0 Laser Plus Trois-Rivi\u00e8res, nous sommes l\u00e0 pour vous aider.\",\"breadcrumb\":{\"@id\":\"https:\/\/laserplus.ca\/trois-rivieres\/nous-joindre\/#breadcrumb\"},\"inLanguage\":\"fr-FR\",\"potentialAction\":[{\"@type\":\"ReadAction\",\"target\":[\"https:\/\/laserplus.ca\/trois-rivieres\/nous-joindre\/\"]}]},{\"@type\":\"BreadcrumbList\",\"@id\":\"https:\/\/laserplus.ca\/trois-rivieres\/nous-joindre\/#breadcrumb\",\"itemListElement\":[{\"@type\":\"ListItem\",\"position\":1,\"name\":\"Accueil\",\"item\":\"https:\/\/laserplus.ca\/trois-rivieres\/\"},{\"@type\":\"ListItem\",\"position\":2,\"name\":\"Nous joindre\"}]},{\"@type\":\"WebSite\",\"@id\":\"https:\/\/laserplus.ca\/trois-rivieres\/#website\",\"url\":\"https:\/\/laserplus.ca\/trois-rivieres\/\",\"name\":\"Laser Plus Trois-Rivi\u00e8res\",\"description\":\"Jeu de poursuite laser &amp; aventure laserputt\",\"publisher\":{\"@id\":\"https:\/\/laserplus.ca\/trois-rivieres\/#organization\"},\"alternateName\":\"Trois-Rivi\u00e8res - Laser Plus\",\"potentialAction\":[{\"@type\":\"SearchAction\",\"target\":{\"@type\":\"EntryPoint\",\"urlTemplate\":\"https:\/\/laserplus.ca\/trois-rivieres\/?s={search_term_string}\"},\"query-input\":{\"@type\":\"PropertyValueSpecification\",\"valueRequired\":true,\"valueName\":\"search_term_string\"}}],\"inLanguage\":\"fr-FR\"},{\"@type\":\"Organization\",\"@id\":\"https:\/\/laserplus.ca\/trois-rivieres\/#organization\",\"name\":\"Laser Plus Trois-Rivi\u00e8res\",\"alternateName\":\"Laser Plus Trois-Rivi\u00e8res\",\"url\":\"https:\/\/laserplus.ca\/trois-rivieres\/\",\"logo\":{\"@type\":\"ImageObject\",\"inLanguage\":\"fr-FR\",\"@id\":\"https:\/\/laserplus.ca\/trois-rivieres\/#\/schema\/logo\/image\/\",\"url\":\"https:\/\/laserplus.ca\/trois-rivieres\/wp-content\/uploads\/sites\/3\/2023\/05\/logo-laser-plus.svg\",\"contentUrl\":\"https:\/\/laserplus.ca\/trois-rivieres\/wp-content\/uploads\/sites\/3\/2023\/05\/logo-laser-plus.svg\",\"width\":392,\"height\":114,\"caption\":\"Laser Plus Trois-Rivi\u00e8res\"},\"image\":{\"@id\":\"https:\/\/laserplus.ca\/trois-rivieres\/#\/schema\/logo\/image\/\"},\"sameAs\":[\"https:\/\/www.facebook.com\/laser.plus.troisrivieres\/\"]}]}<\/script>\n<!-- \/ Yoast SEO plugin. -->","yoast_head_json":{"title":"Contactez Laser Plus \u00e0 Trois-Rivi\u00e8res","description":"Vous avez des questions ou besoin de r\u00e9server une partie? Contactez-nous \u00e0 Laser Plus Trois-Rivi\u00e8res, nous sommes l\u00e0 pour vous aider.","robots":{"index":"index","follow":"follow","max-snippet":"max-snippet:-1","max-image-preview":"max-image-preview:large","max-video-preview":"max-video-preview:-1"},"canonical":"https:\/\/laserplus.ca\/trois-rivieres\/nous-joindre\/","og_locale":"fr_FR","og_type":"article","og_title":"Contactez Laser Plus \u00e0 Trois-Rivi\u00e8res","og_description":"Vous avez des questions ou besoin de r\u00e9server une partie? Contactez-nous \u00e0 Laser Plus Trois-Rivi\u00e8res, nous sommes l\u00e0 pour vous aider.","og_url":"https:\/\/laserplus.ca\/trois-rivieres\/nous-joindre\/","og_site_name":"Laser Plus Trois-Rivi\u00e8res","article_publisher":"https:\/\/www.facebook.com\/laser.plus.troisrivieres\/","article_modified_time":"2025-03-25T20:02:51+00:00","og_image":[{"width":1200,"height":630,"url":"https:\/\/laserplus.ca\/trois-rivieres\/wp-content\/uploads\/sites\/3\/2023\/05\/fbk-Laser-Plus-Trois-Rivieres.png","type":"image\/png"}],"schema":{"@context":"https:\/\/schema.org","@graph":[{"@type":"WebPage","@id":"https:\/\/laserplus.ca\/trois-rivieres\/nous-joindre\/","url":"https:\/\/laserplus.ca\/trois-rivieres\/nous-joindre\/","name":"Contactez Laser Plus \u00e0 Trois-Rivi\u00e8res","isPartOf":{"@id":"https:\/\/laserplus.ca\/trois-rivieres\/#website"},"datePublished":"2023-05-15T13:26:05+00:00","dateModified":"2025-03-25T20:02:51+00:00","description":"Vous avez des questions ou besoin de r\u00e9server une partie? Contactez-nous \u00e0 Laser Plus Trois-Rivi\u00e8res, nous sommes l\u00e0 pour vous aider.","breadcrumb":{"@id":"https:\/\/laserplus.ca\/trois-rivieres\/nous-joindre\/#breadcrumb"},"inLanguage":"fr-FR","potentialAction":[{"@type":"ReadAction","target":["https:\/\/laserplus.ca\/trois-rivieres\/nous-joindre\/"]}]},{"@type":"BreadcrumbList","@id":"https:\/\/laserplus.ca\/trois-rivieres\/nous-joindre\/#breadcrumb","itemListElement":[{"@type":"ListItem","position":1,"name":"Accueil","item":"https:\/\/laserplus.ca\/trois-rivieres\/"},{"@type":"ListItem","position":2,"name":"Nous joindre"}]},{"@type":"WebSite","@id":"https:\/\/laserplus.ca\/trois-rivieres\/#website","url":"https:\/\/laserplus.ca\/trois-rivieres\/","name":"Laser Plus Trois-Rivi\u00e8res","description":"Jeu de poursuite laser &amp; aventure laserputt","publisher":{"@id":"https:\/\/laserplus.ca\/trois-rivieres\/#organization"},"alternateName":"Trois-Rivi\u00e8res - Laser Plus","potentialAction":[{"@type":"SearchAction","target":{"@type":"EntryPoint","urlTemplate":"https:\/\/laserplus.ca\/trois-rivieres\/?s={search_term_string}"},"query-input":{"@type":"PropertyValueSpecification","valueRequired":true,"valueName":"search_term_string"}}],"inLanguage":"fr-FR"},{"@type":"Organization","@id":"https:\/\/laserplus.ca\/trois-rivieres\/#organization","name":"Laser Plus Trois-Rivi\u00e8res","alternateName":"Laser Plus Trois-Rivi\u00e8res","url":"https:\/\/laserplus.ca\/trois-rivieres\/","logo":{"@type":"ImageObject","inLanguage":"fr-FR","@id":"https:\/\/laserplus.ca\/trois-rivieres\/#\/schema\/logo\/image\/","url":"https:\/\/laserplus.ca\/trois-rivieres\/wp-content\/uploads\/sites\/3\/2023\/05\/logo-laser-plus.svg","contentUrl":"https:\/\/laserplus.ca\/trois-rivieres\/wp-content\/uploads\/sites\/3\/2023\/05\/logo-laser-plus.svg","width":392,"height":114,"caption":"Laser Plus Trois-Rivi\u00e8res"},"image":{"@id":"https:\/\/laserplus.ca\/trois-rivieres\/#\/schema\/logo\/image\/"},"sameAs":["https:\/\/www.facebook.com\/laser.plus.troisrivieres\/"]}]}},"_links":{"self":[{"href":"https:\/\/laserplus.ca\/trois-rivieres\/wp-json\/wp\/v2\/pages\/101","targetHints":{"allow":["GET"]}}],"collection":[{"href":"https:\/\/laserplus.ca\/trois-rivieres\/wp-json\/wp\/v2\/pages"}],"about":[{"href":"https:\/\/laserplus.ca\/trois-rivieres\/wp-json\/wp\/v2\/types\/page"}],"author":[{"embeddable":true,"href":"https:\/\/laserplus.ca\/trois-rivieres\/wp-json\/wp\/v2\/users\/2"}],"replies":[{"embeddable":true,"href":"https:\/\/laserplus.ca\/trois-rivieres\/wp-json\/wp\/v2\/comments?post=101"}],"version-history":[{"count":15,"href":"https:\/\/laserplus.ca\/trois-rivieres\/wp-json\/wp\/v2\/pages\/101\/revisions"}],"predecessor-version":[{"id":863,"href":"https:\/\/laserplus.ca\/trois-rivieres\/wp-json\/wp\/v2\/pages\/101\/revisions\/863"}],"wp:attachment":[{"href":"https:\/\/laserplus.ca\/trois-rivieres\/wp-json\/wp\/v2\/media?parent=101"}],"curies":[{"name":"wp","href":"https:\/\/api.w.org\/{rel}","templated":true}]}}