{"id":348,"date":"2023-05-31T08:20:56","date_gmt":"2023-05-31T12:20:56","guid":{"rendered":"https:\/\/laserplus.ca\/trois-rivieres\/?page_id=348"},"modified":"2025-03-24T11:40:01","modified_gmt":"2025-03-24T15:40:01","slug":"reservations","status":"publish","type":"page","link":"https:\/\/laserplus.ca\/trois-rivieres\/reservations\/","title":{"rendered":"R\u00e9servations"},"content":{"rendered":"<div class=\"fusion-fullwidth fullwidth-box fusion-builder-row-1 fusion-flex-container has-pattern-background has-mask-background nonhundred-percent-fullwidth non-hundred-percent-height-scrolling\" style=\"--awb-border-radius-top-left:0px;--awb-border-radius-top-right:0px;--awb-border-radius-bottom-right:0px;--awb-border-radius-bottom-left:0px;--awb-flex-wrap:wrap;\" ><div class=\"fusion-builder-row fusion-row fusion-flex-align-items-flex-start fusion-flex-content-wrap\" style=\"max-width:1696px;margin-left: calc(-6% \/ 2 );margin-right: calc(-6% \/ 2 );\"><div class=\"fusion-layout-column fusion_builder_column fusion-builder-column-0 fusion_builder_column_1_1 1_1 fusion-flex-column\" style=\"--awb-bg-size:cover;--awb-width-large:100%;--awb-margin-top-large:0px;--awb-spacing-right-large:2.82%;--awb-margin-bottom-large:80px;--awb-spacing-left-large:2.82%;--awb-width-medium:100%;--awb-order-medium:0;--awb-spacing-right-medium:2.82%;--awb-spacing-left-medium:2.82%;--awb-width-small:100%;--awb-order-small:0;--awb-spacing-right-small:2.82%;--awb-spacing-left-small:2.82%;\"><div class=\"fusion-column-wrapper fusion-column-has-shadow fusion-flex-justify-content-flex-start fusion-content-layout-column\"><div class=\"fusion-text fusion-text-1\" style=\"--awb-content-alignment:center;\"><p><strong>R\u00e9servez en ligne pour vivre l\u2019exp\u00e9rience immersive de la R\u00e9alit\u00e9 Virtuelle, des jeux d\u2019\u00e9vasion et Quizy au LaserPlus de Trois-Rivi\u00e8res.<\/strong> Ces activit\u00e9s sont disponibles directement via notre <strong>plateforme de r\u00e9servation en ligne<\/strong>, vous permettant de planifier facilement vos sessions.<\/p>\n<p>Si vous souhaitez vivre l&rsquo;excitation de la <strong>Poursuite Laser<\/strong> ou combiner diff\u00e9rentes activit\u00e9s pour un \u00e9v\u00e9nement encore plus palpitant, nous vous invitons \u00e0 nous appeler au <strong>819 376-3555<\/strong> et \u00e0 choisir l\u2019<strong>option #3<\/strong> pour plus d&rsquo;informations et effectuer votre r\u00e9servation. N&rsquo;attendez plus pour organiser un moment inoubliable !<\/p>\n<\/div><\/div><\/div><div class=\"fusion-layout-column fusion_builder_column fusion-builder-column-1 fusion_builder_column_1_1 1_1 fusion-flex-column\" style=\"--awb-bg-size:cover;--awb-width-large:100%;--awb-margin-top-large:0px;--awb-spacing-right-large:2.82%;--awb-margin-bottom-large:80px;--awb-spacing-left-large:2.82%;--awb-width-medium:100%;--awb-order-medium:0;--awb-spacing-right-medium:2.82%;--awb-spacing-left-medium:2.82%;--awb-width-small:100%;--awb-order-small:0;--awb-spacing-right-small:2.82%;--awb-spacing-left-small:2.82%;\"><div class=\"fusion-column-wrapper fusion-column-has-shadow fusion-flex-justify-content-flex-start fusion-content-layout-column\"><script type=\"text\/javascript\" src=\"https:\/\/bookeo.com\/widget.js?a=415639KY3JX17D1EC4C9B6\"><\/script><\/div><\/div><\/div><\/div>\n","protected":false},"excerpt":{"rendered":"","protected":false},"author":1,"featured_media":0,"parent":0,"menu_order":0,"comment_status":"closed","ping_status":"closed","template":"100-width.php","meta":{"_acf_changed":false,"footnotes":""},"class_list":["post-348","page","type-page","status-publish","hentry"],"acf":[],"yoast_head":"<!-- This site is optimized with the Yoast SEO plugin v24.3 - https:\/\/yoast.com\/wordpress\/plugins\/seo\/ -->\n<title>R\u00e9servations pour la r\u00e9alit\u00e9 virtuelle - Laser Plus Trois-Rivi\u00e8res<\/title>\n<meta name=\"description\" content=\"R\u00e9servez votre session de r\u00e9alit\u00e9 virtuelle \u00e0 Laser Plus Trois-Rivi\u00e8res. Vivez une exp\u00e9rience immersive in\u00e9gal\u00e9e d\u00e8s aujourd&#039;hui.\" \/>\n<meta name=\"robots\" content=\"index, follow, max-snippet:-1, max-image-preview:large, max-video-preview:-1\" \/>\n<link rel=\"canonical\" href=\"https:\/\/laserplus.ca\/trois-rivieres\/reservations\/\" \/>\n<meta property=\"og:locale\" content=\"fr_FR\" \/>\n<meta property=\"og:type\" content=\"article\" \/>\n<meta property=\"og:title\" content=\"R\u00e9servations pour la r\u00e9alit\u00e9 virtuelle - Laser Plus Trois-Rivi\u00e8res\" \/>\n<meta property=\"og:description\" content=\"R\u00e9servez votre session de r\u00e9alit\u00e9 virtuelle \u00e0 Laser Plus Trois-Rivi\u00e8res. Vivez une exp\u00e9rience immersive in\u00e9gal\u00e9e d\u00e8s aujourd&#039;hui.\" \/>\n<meta property=\"og:url\" content=\"https:\/\/laserplus.ca\/trois-rivieres\/reservations\/\" \/>\n<meta property=\"og:site_name\" content=\"Laser Plus Trois-Rivi\u00e8res\" \/>\n<meta property=\"article:publisher\" content=\"https:\/\/www.facebook.com\/laser.plus.troisrivieres\/\" \/>\n<meta property=\"article:modified_time\" content=\"2025-03-24T15:40:01+00:00\" \/>\n<meta property=\"og:image\" content=\"https:\/\/laserplus.ca\/trois-rivieres\/wp-content\/uploads\/sites\/3\/2023\/05\/fbk-Laser-Plus-Trois-Rivieres.png\" \/>\n\t<meta property=\"og:image:width\" content=\"1200\" \/>\n\t<meta property=\"og:image:height\" content=\"630\" \/>\n\t<meta property=\"og:image:type\" content=\"image\/png\" \/>\n<script type=\"application\/ld+json\" class=\"yoast-schema-graph\">{\"@context\":\"https:\/\/schema.org\",\"@graph\":[{\"@type\":\"WebPage\",\"@id\":\"https:\/\/laserplus.ca\/trois-rivieres\/reservations\/\",\"url\":\"https:\/\/laserplus.ca\/trois-rivieres\/reservations\/\",\"name\":\"R\u00e9servations pour la r\u00e9alit\u00e9 virtuelle - Laser Plus Trois-Rivi\u00e8res\",\"isPartOf\":{\"@id\":\"https:\/\/laserplus.ca\/trois-rivieres\/#website\"},\"datePublished\":\"2023-05-31T12:20:56+00:00\",\"dateModified\":\"2025-03-24T15:40:01+00:00\",\"description\":\"R\u00e9servez votre session de r\u00e9alit\u00e9 virtuelle \u00e0 Laser Plus Trois-Rivi\u00e8res. Vivez une exp\u00e9rience immersive in\u00e9gal\u00e9e d\u00e8s aujourd'hui.\",\"breadcrumb\":{\"@id\":\"https:\/\/laserplus.ca\/trois-rivieres\/reservations\/#breadcrumb\"},\"inLanguage\":\"fr-FR\",\"potentialAction\":[{\"@type\":\"ReadAction\",\"target\":[\"https:\/\/laserplus.ca\/trois-rivieres\/reservations\/\"]}]},{\"@type\":\"BreadcrumbList\",\"@id\":\"https:\/\/laserplus.ca\/trois-rivieres\/reservations\/#breadcrumb\",\"itemListElement\":[{\"@type\":\"ListItem\",\"position\":1,\"name\":\"Accueil\",\"item\":\"https:\/\/laserplus.ca\/trois-rivieres\/\"},{\"@type\":\"ListItem\",\"position\":2,\"name\":\"R\u00e9servations\"}]},{\"@type\":\"WebSite\",\"@id\":\"https:\/\/laserplus.ca\/trois-rivieres\/#website\",\"url\":\"https:\/\/laserplus.ca\/trois-rivieres\/\",\"name\":\"Laser Plus Trois-Rivi\u00e8res\",\"description\":\"Jeu de poursuite laser &amp; aventure laserputt\",\"publisher\":{\"@id\":\"https:\/\/laserplus.ca\/trois-rivieres\/#organization\"},\"alternateName\":\"Trois-Rivi\u00e8res - Laser Plus\",\"potentialAction\":[{\"@type\":\"SearchAction\",\"target\":{\"@type\":\"EntryPoint\",\"urlTemplate\":\"https:\/\/laserplus.ca\/trois-rivieres\/?s={search_term_string}\"},\"query-input\":{\"@type\":\"PropertyValueSpecification\",\"valueRequired\":true,\"valueName\":\"search_term_string\"}}],\"inLanguage\":\"fr-FR\"},{\"@type\":\"Organization\",\"@id\":\"https:\/\/laserplus.ca\/trois-rivieres\/#organization\",\"name\":\"Laser Plus Trois-Rivi\u00e8res\",\"alternateName\":\"Laser Plus Trois-Rivi\u00e8res\",\"url\":\"https:\/\/laserplus.ca\/trois-rivieres\/\",\"logo\":{\"@type\":\"ImageObject\",\"inLanguage\":\"fr-FR\",\"@id\":\"https:\/\/laserplus.ca\/trois-rivieres\/#\/schema\/logo\/image\/\",\"url\":\"https:\/\/laserplus.ca\/trois-rivieres\/wp-content\/uploads\/sites\/3\/2023\/05\/logo-laser-plus.svg\",\"contentUrl\":\"https:\/\/laserplus.ca\/trois-rivieres\/wp-content\/uploads\/sites\/3\/2023\/05\/logo-laser-plus.svg\",\"width\":392,\"height\":114,\"caption\":\"Laser Plus Trois-Rivi\u00e8res\"},\"image\":{\"@id\":\"https:\/\/laserplus.ca\/trois-rivieres\/#\/schema\/logo\/image\/\"},\"sameAs\":[\"https:\/\/www.facebook.com\/laser.plus.troisrivieres\/\"]}]}<\/script>\n<!-- \/ Yoast SEO plugin. -->","yoast_head_json":{"title":"R\u00e9servations pour la r\u00e9alit\u00e9 virtuelle - Laser Plus Trois-Rivi\u00e8res","description":"R\u00e9servez votre session de r\u00e9alit\u00e9 virtuelle \u00e0 Laser Plus Trois-Rivi\u00e8res. Vivez une exp\u00e9rience immersive in\u00e9gal\u00e9e d\u00e8s aujourd'hui.","robots":{"index":"index","follow":"follow","max-snippet":"max-snippet:-1","max-image-preview":"max-image-preview:large","max-video-preview":"max-video-preview:-1"},"canonical":"https:\/\/laserplus.ca\/trois-rivieres\/reservations\/","og_locale":"fr_FR","og_type":"article","og_title":"R\u00e9servations pour la r\u00e9alit\u00e9 virtuelle - Laser Plus Trois-Rivi\u00e8res","og_description":"R\u00e9servez votre session de r\u00e9alit\u00e9 virtuelle \u00e0 Laser Plus Trois-Rivi\u00e8res. Vivez une exp\u00e9rience immersive in\u00e9gal\u00e9e d\u00e8s aujourd'hui.","og_url":"https:\/\/laserplus.ca\/trois-rivieres\/reservations\/","og_site_name":"Laser Plus Trois-Rivi\u00e8res","article_publisher":"https:\/\/www.facebook.com\/laser.plus.troisrivieres\/","article_modified_time":"2025-03-24T15:40:01+00:00","og_image":[{"width":1200,"height":630,"url":"https:\/\/laserplus.ca\/trois-rivieres\/wp-content\/uploads\/sites\/3\/2023\/05\/fbk-Laser-Plus-Trois-Rivieres.png","type":"image\/png"}],"schema":{"@context":"https:\/\/schema.org","@graph":[{"@type":"WebPage","@id":"https:\/\/laserplus.ca\/trois-rivieres\/reservations\/","url":"https:\/\/laserplus.ca\/trois-rivieres\/reservations\/","name":"R\u00e9servations pour la r\u00e9alit\u00e9 virtuelle - Laser Plus Trois-Rivi\u00e8res","isPartOf":{"@id":"https:\/\/laserplus.ca\/trois-rivieres\/#website"},"datePublished":"2023-05-31T12:20:56+00:00","dateModified":"2025-03-24T15:40:01+00:00","description":"R\u00e9servez votre session de r\u00e9alit\u00e9 virtuelle \u00e0 Laser Plus Trois-Rivi\u00e8res. Vivez une exp\u00e9rience immersive in\u00e9gal\u00e9e d\u00e8s aujourd'hui.","breadcrumb":{"@id":"https:\/\/laserplus.ca\/trois-rivieres\/reservations\/#breadcrumb"},"inLanguage":"fr-FR","potentialAction":[{"@type":"ReadAction","target":["https:\/\/laserplus.ca\/trois-rivieres\/reservations\/"]}]},{"@type":"BreadcrumbList","@id":"https:\/\/laserplus.ca\/trois-rivieres\/reservations\/#breadcrumb","itemListElement":[{"@type":"ListItem","position":1,"name":"Accueil","item":"https:\/\/laserplus.ca\/trois-rivieres\/"},{"@type":"ListItem","position":2,"name":"R\u00e9servations"}]},{"@type":"WebSite","@id":"https:\/\/laserplus.ca\/trois-rivieres\/#website","url":"https:\/\/laserplus.ca\/trois-rivieres\/","name":"Laser Plus Trois-Rivi\u00e8res","description":"Jeu de poursuite laser &amp; aventure laserputt","publisher":{"@id":"https:\/\/laserplus.ca\/trois-rivieres\/#organization"},"alternateName":"Trois-Rivi\u00e8res - Laser Plus","potentialAction":[{"@type":"SearchAction","target":{"@type":"EntryPoint","urlTemplate":"https:\/\/laserplus.ca\/trois-rivieres\/?s={search_term_string}"},"query-input":{"@type":"PropertyValueSpecification","valueRequired":true,"valueName":"search_term_string"}}],"inLanguage":"fr-FR"},{"@type":"Organization","@id":"https:\/\/laserplus.ca\/trois-rivieres\/#organization","name":"Laser Plus Trois-Rivi\u00e8res","alternateName":"Laser Plus Trois-Rivi\u00e8res","url":"https:\/\/laserplus.ca\/trois-rivieres\/","logo":{"@type":"ImageObject","inLanguage":"fr-FR","@id":"https:\/\/laserplus.ca\/trois-rivieres\/#\/schema\/logo\/image\/","url":"https:\/\/laserplus.ca\/trois-rivieres\/wp-content\/uploads\/sites\/3\/2023\/05\/logo-laser-plus.svg","contentUrl":"https:\/\/laserplus.ca\/trois-rivieres\/wp-content\/uploads\/sites\/3\/2023\/05\/logo-laser-plus.svg","width":392,"height":114,"caption":"Laser Plus Trois-Rivi\u00e8res"},"image":{"@id":"https:\/\/laserplus.ca\/trois-rivieres\/#\/schema\/logo\/image\/"},"sameAs":["https:\/\/www.facebook.com\/laser.plus.troisrivieres\/"]}]}},"_links":{"self":[{"href":"https:\/\/laserplus.ca\/trois-rivieres\/wp-json\/wp\/v2\/pages\/348","targetHints":{"allow":["GET"]}}],"collection":[{"href":"https:\/\/laserplus.ca\/trois-rivieres\/wp-json\/wp\/v2\/pages"}],"about":[{"href":"https:\/\/laserplus.ca\/trois-rivieres\/wp-json\/wp\/v2\/types\/page"}],"author":[{"embeddable":true,"href":"https:\/\/laserplus.ca\/trois-rivieres\/wp-json\/wp\/v2\/users\/1"}],"replies":[{"embeddable":true,"href":"https:\/\/laserplus.ca\/trois-rivieres\/wp-json\/wp\/v2\/comments?post=348"}],"version-history":[{"count":17,"href":"https:\/\/laserplus.ca\/trois-rivieres\/wp-json\/wp\/v2\/pages\/348\/revisions"}],"predecessor-version":[{"id":854,"href":"https:\/\/laserplus.ca\/trois-rivieres\/wp-json\/wp\/v2\/pages\/348\/revisions\/854"}],"wp:attachment":[{"href":"https:\/\/laserplus.ca\/trois-rivieres\/wp-json\/wp\/v2\/media?parent=348"}],"curies":[{"name":"wp","href":"https:\/\/api.w.org\/{rel}","templated":true}]}}