{"id":89,"date":"2023-05-15T09:23:53","date_gmt":"2023-05-15T13:23:53","guid":{"rendered":"https:\/\/laserplus.ca\/trois-rivieres\/?page_id=89"},"modified":"2025-03-24T12:45:58","modified_gmt":"2025-03-24T16:45:58","slug":"a-propos","status":"publish","type":"page","link":"https:\/\/laserplus.ca\/trois-rivieres\/a-propos\/","title":{"rendered":"\u00c0 propos"},"content":{"rendered":"<div class=\"fusion-fullwidth fullwidth-box fusion-builder-row-1 fusion-flex-container has-pattern-background has-mask-background nonhundred-percent-fullwidth non-hundred-percent-height-scrolling\" style=\"--awb-border-radius-top-left:0px;--awb-border-radius-top-right:0px;--awb-border-radius-bottom-right:0px;--awb-border-radius-bottom-left:0px;--awb-flex-wrap:wrap;\" ><div class=\"fusion-builder-row fusion-row fusion-flex-align-items-flex-start fusion-flex-content-wrap\" style=\"max-width:1696px;margin-left: calc(-6% \/ 2 );margin-right: calc(-6% \/ 2 );\"><div class=\"fusion-layout-column fusion_builder_column fusion-builder-column-0 fusion_builder_column_1_2 1_2 fusion-flex-column fusion-flex-align-self-stretch corner-glow fusion-animated\" style=\"--awb-padding-top:50px;--awb-padding-right:6%;--awb-padding-bottom:50px;--awb-padding-left:6%;--awb-bg-size:cover;--awb-width-large:50%;--awb-margin-top-large:0px;--awb-spacing-right-large:5.64%;--awb-margin-bottom-large:80px;--awb-spacing-left-large:5.64%;--awb-width-medium:50%;--awb-order-medium:0;--awb-spacing-right-medium:5.64%;--awb-spacing-left-medium:5.64%;--awb-width-small:100%;--awb-order-small:0;--awb-spacing-right-small:2.82%;--awb-spacing-left-small:2.82%;\" data-animationType=\"fadeInRight\" data-animationDuration=\"1.0\" data-animationOffset=\"top-into-view\" data-scroll-devices=\"small-visibility,medium-visibility,large-visibility\"><div class=\"fusion-column-wrapper fusion-column-has-shadow fusion-flex-justify-content-center fusion-content-layout-column\"><div class=\"fusion-text fusion-text-1\"><p>Laser Plus, situ\u00e9 \u00e0 Trois-Rivi\u00e8res, est une entreprise sp\u00e9cialis\u00e9e dans le divertissement pour toute la famille. Depuis 20 ans, Laser Plus offre une exp\u00e9rience immersive unique sur 16 700 pieds carr\u00e9s, incluant 3 labyrinthes de <a href=\"https:\/\/laserplus.ca\/trois-rivieres\/poursuite-laser\/\">poursuite Laser<\/a> (laser tag), une aventure de <a href=\"https:\/\/laserplus.ca\/trois-rivieres\/aventure-laserputt\/\">mini-golf black light<\/a>, ainsi que plusieurs <a href=\"https:\/\/laserplus.ca\/trois-rivieres\/fetes-et-groupes\/\">salles de f\u00eates<\/a> adapt\u00e9es \u00e0 tous les groupes. Que vous soyez petit ou grand, Laser Plus garantit des moments de plaisir inoubliables pour tous les \u00e2ges.<\/p>\n<\/div><\/div><\/div><div class=\"fusion-layout-column fusion_builder_column fusion-builder-column-1 fusion_builder_column_1_2 1_2 fusion-flex-column fusion-animated\" style=\"--awb-bg-size:cover;--awb-width-large:50%;--awb-margin-top-large:0px;--awb-spacing-right-large:5.64%;--awb-margin-bottom-large:80px;--awb-spacing-left-large:5.64%;--awb-width-medium:50%;--awb-order-medium:0;--awb-spacing-right-medium:5.64%;--awb-spacing-left-medium:5.64%;--awb-width-small:100%;--awb-order-small:0;--awb-spacing-right-small:2.82%;--awb-spacing-left-small:2.82%;\" data-animationType=\"fadeInUp\" data-animationDuration=\"1.5\" data-animationOffset=\"top-into-view\" data-scroll-devices=\"small-visibility,medium-visibility,large-visibility\"><div class=\"fusion-column-wrapper fusion-column-has-shadow fusion-flex-justify-content-flex-start fusion-content-layout-column\"><div class=\"fusion-video fusion-youtube\" style=\"--awb-max-width:854px;--awb-max-height:480px;--awb-align-self:center;--awb-width:100%;\"><div class=\"video-shortcode\"><div class=\"fluid-width-video-wrapper\" style=\"padding-top:56.21%;\" ><iframe title=\"YouTube video player 1\" src=\"https:\/\/www.youtube.com\/embed\/63AOs7fc3EA?wmode=transparent&autoplay=0&amp;rel=0\" width=\"854\" height=\"480\" allowfullscreen allow=\"autoplay; fullscreen\"><\/iframe><\/div><\/div><\/div><\/div><\/div><\/div><\/div>\n","protected":false},"excerpt":{"rendered":"","protected":false},"author":2,"featured_media":0,"parent":0,"menu_order":0,"comment_status":"closed","ping_status":"closed","template":"100-width.php","meta":{"_acf_changed":false,"footnotes":""},"class_list":["post-89","page","type-page","status-publish","hentry"],"acf":[],"yoast_head":"<!-- This site is optimized with the Yoast SEO plugin v24.3 - https:\/\/yoast.com\/wordpress\/plugins\/seo\/ -->\n<title>\u00c0 propos de Laser Plus \u00e0 Trois-Rivi\u00e8res<\/title>\n<meta name=\"description\" content=\"D\u00e9couvrez l&#039;histoire et l&#039;\u00e9quipe derri\u00e8re Laser Plus \u00e0 Trois-Rivi\u00e8res. Nous sommes passionn\u00e9s par le divertissement et pr\u00eats \u00e0 vous offrir une exp\u00e9rience inoubliable.\" \/>\n<meta name=\"robots\" content=\"index, follow, max-snippet:-1, max-image-preview:large, max-video-preview:-1\" \/>\n<link rel=\"canonical\" href=\"https:\/\/laserplus.ca\/trois-rivieres\/a-propos\/\" \/>\n<meta property=\"og:locale\" content=\"fr_FR\" \/>\n<meta property=\"og:type\" content=\"article\" \/>\n<meta property=\"og:title\" content=\"\u00c0 propos de Laser Plus \u00e0 Trois-Rivi\u00e8res\" \/>\n<meta property=\"og:description\" content=\"D\u00e9couvrez l&#039;histoire et l&#039;\u00e9quipe derri\u00e8re Laser Plus \u00e0 Trois-Rivi\u00e8res. Nous sommes passionn\u00e9s par le divertissement et pr\u00eats \u00e0 vous offrir une exp\u00e9rience inoubliable.\" \/>\n<meta property=\"og:url\" content=\"https:\/\/laserplus.ca\/trois-rivieres\/a-propos\/\" \/>\n<meta property=\"og:site_name\" content=\"Laser Plus Trois-Rivi\u00e8res\" \/>\n<meta property=\"article:publisher\" content=\"https:\/\/www.facebook.com\/laser.plus.troisrivieres\/\" \/>\n<meta property=\"article:modified_time\" content=\"2025-03-24T16:45:58+00:00\" \/>\n<meta property=\"og:image\" content=\"https:\/\/laserplus.ca\/trois-rivieres\/wp-content\/uploads\/sites\/3\/2023\/05\/fbk-Laser-Plus-Trois-Rivieres.png\" \/>\n\t<meta property=\"og:image:width\" content=\"1200\" \/>\n\t<meta property=\"og:image:height\" content=\"630\" \/>\n\t<meta property=\"og:image:type\" content=\"image\/png\" \/>\n<script type=\"application\/ld+json\" class=\"yoast-schema-graph\">{\"@context\":\"https:\/\/schema.org\",\"@graph\":[{\"@type\":\"WebPage\",\"@id\":\"https:\/\/laserplus.ca\/trois-rivieres\/a-propos\/\",\"url\":\"https:\/\/laserplus.ca\/trois-rivieres\/a-propos\/\",\"name\":\"\u00c0 propos de Laser Plus \u00e0 Trois-Rivi\u00e8res\",\"isPartOf\":{\"@id\":\"https:\/\/laserplus.ca\/trois-rivieres\/#website\"},\"datePublished\":\"2023-05-15T13:23:53+00:00\",\"dateModified\":\"2025-03-24T16:45:58+00:00\",\"description\":\"D\u00e9couvrez l'histoire et l'\u00e9quipe derri\u00e8re Laser Plus \u00e0 Trois-Rivi\u00e8res. Nous sommes passionn\u00e9s par le divertissement et pr\u00eats \u00e0 vous offrir une exp\u00e9rience inoubliable.\",\"breadcrumb\":{\"@id\":\"https:\/\/laserplus.ca\/trois-rivieres\/a-propos\/#breadcrumb\"},\"inLanguage\":\"fr-FR\",\"potentialAction\":[{\"@type\":\"ReadAction\",\"target\":[\"https:\/\/laserplus.ca\/trois-rivieres\/a-propos\/\"]}]},{\"@type\":\"BreadcrumbList\",\"@id\":\"https:\/\/laserplus.ca\/trois-rivieres\/a-propos\/#breadcrumb\",\"itemListElement\":[{\"@type\":\"ListItem\",\"position\":1,\"name\":\"Accueil\",\"item\":\"https:\/\/laserplus.ca\/trois-rivieres\/\"},{\"@type\":\"ListItem\",\"position\":2,\"name\":\"\u00c0 propos\"}]},{\"@type\":\"WebSite\",\"@id\":\"https:\/\/laserplus.ca\/trois-rivieres\/#website\",\"url\":\"https:\/\/laserplus.ca\/trois-rivieres\/\",\"name\":\"Laser Plus Trois-Rivi\u00e8res\",\"description\":\"Jeu de poursuite laser &amp; aventure laserputt\",\"publisher\":{\"@id\":\"https:\/\/laserplus.ca\/trois-rivieres\/#organization\"},\"alternateName\":\"Trois-Rivi\u00e8res - Laser Plus\",\"potentialAction\":[{\"@type\":\"SearchAction\",\"target\":{\"@type\":\"EntryPoint\",\"urlTemplate\":\"https:\/\/laserplus.ca\/trois-rivieres\/?s={search_term_string}\"},\"query-input\":{\"@type\":\"PropertyValueSpecification\",\"valueRequired\":true,\"valueName\":\"search_term_string\"}}],\"inLanguage\":\"fr-FR\"},{\"@type\":\"Organization\",\"@id\":\"https:\/\/laserplus.ca\/trois-rivieres\/#organization\",\"name\":\"Laser Plus Trois-Rivi\u00e8res\",\"alternateName\":\"Laser Plus Trois-Rivi\u00e8res\",\"url\":\"https:\/\/laserplus.ca\/trois-rivieres\/\",\"logo\":{\"@type\":\"ImageObject\",\"inLanguage\":\"fr-FR\",\"@id\":\"https:\/\/laserplus.ca\/trois-rivieres\/#\/schema\/logo\/image\/\",\"url\":\"https:\/\/laserplus.ca\/trois-rivieres\/wp-content\/uploads\/sites\/3\/2023\/05\/logo-laser-plus.svg\",\"contentUrl\":\"https:\/\/laserplus.ca\/trois-rivieres\/wp-content\/uploads\/sites\/3\/2023\/05\/logo-laser-plus.svg\",\"width\":392,\"height\":114,\"caption\":\"Laser Plus Trois-Rivi\u00e8res\"},\"image\":{\"@id\":\"https:\/\/laserplus.ca\/trois-rivieres\/#\/schema\/logo\/image\/\"},\"sameAs\":[\"https:\/\/www.facebook.com\/laser.plus.troisrivieres\/\"]}]}<\/script>\n<!-- \/ Yoast SEO plugin. -->","yoast_head_json":{"title":"\u00c0 propos de Laser Plus \u00e0 Trois-Rivi\u00e8res","description":"D\u00e9couvrez l'histoire et l'\u00e9quipe derri\u00e8re Laser Plus \u00e0 Trois-Rivi\u00e8res. Nous sommes passionn\u00e9s par le divertissement et pr\u00eats \u00e0 vous offrir une exp\u00e9rience inoubliable.","robots":{"index":"index","follow":"follow","max-snippet":"max-snippet:-1","max-image-preview":"max-image-preview:large","max-video-preview":"max-video-preview:-1"},"canonical":"https:\/\/laserplus.ca\/trois-rivieres\/a-propos\/","og_locale":"fr_FR","og_type":"article","og_title":"\u00c0 propos de Laser Plus \u00e0 Trois-Rivi\u00e8res","og_description":"D\u00e9couvrez l'histoire et l'\u00e9quipe derri\u00e8re Laser Plus \u00e0 Trois-Rivi\u00e8res. Nous sommes passionn\u00e9s par le divertissement et pr\u00eats \u00e0 vous offrir une exp\u00e9rience inoubliable.","og_url":"https:\/\/laserplus.ca\/trois-rivieres\/a-propos\/","og_site_name":"Laser Plus Trois-Rivi\u00e8res","article_publisher":"https:\/\/www.facebook.com\/laser.plus.troisrivieres\/","article_modified_time":"2025-03-24T16:45:58+00:00","og_image":[{"width":1200,"height":630,"url":"https:\/\/laserplus.ca\/trois-rivieres\/wp-content\/uploads\/sites\/3\/2023\/05\/fbk-Laser-Plus-Trois-Rivieres.png","type":"image\/png"}],"schema":{"@context":"https:\/\/schema.org","@graph":[{"@type":"WebPage","@id":"https:\/\/laserplus.ca\/trois-rivieres\/a-propos\/","url":"https:\/\/laserplus.ca\/trois-rivieres\/a-propos\/","name":"\u00c0 propos de Laser Plus \u00e0 Trois-Rivi\u00e8res","isPartOf":{"@id":"https:\/\/laserplus.ca\/trois-rivieres\/#website"},"datePublished":"2023-05-15T13:23:53+00:00","dateModified":"2025-03-24T16:45:58+00:00","description":"D\u00e9couvrez l'histoire et l'\u00e9quipe derri\u00e8re Laser Plus \u00e0 Trois-Rivi\u00e8res. Nous sommes passionn\u00e9s par le divertissement et pr\u00eats \u00e0 vous offrir une exp\u00e9rience inoubliable.","breadcrumb":{"@id":"https:\/\/laserplus.ca\/trois-rivieres\/a-propos\/#breadcrumb"},"inLanguage":"fr-FR","potentialAction":[{"@type":"ReadAction","target":["https:\/\/laserplus.ca\/trois-rivieres\/a-propos\/"]}]},{"@type":"BreadcrumbList","@id":"https:\/\/laserplus.ca\/trois-rivieres\/a-propos\/#breadcrumb","itemListElement":[{"@type":"ListItem","position":1,"name":"Accueil","item":"https:\/\/laserplus.ca\/trois-rivieres\/"},{"@type":"ListItem","position":2,"name":"\u00c0 propos"}]},{"@type":"WebSite","@id":"https:\/\/laserplus.ca\/trois-rivieres\/#website","url":"https:\/\/laserplus.ca\/trois-rivieres\/","name":"Laser Plus Trois-Rivi\u00e8res","description":"Jeu de poursuite laser &amp; aventure laserputt","publisher":{"@id":"https:\/\/laserplus.ca\/trois-rivieres\/#organization"},"alternateName":"Trois-Rivi\u00e8res - Laser Plus","potentialAction":[{"@type":"SearchAction","target":{"@type":"EntryPoint","urlTemplate":"https:\/\/laserplus.ca\/trois-rivieres\/?s={search_term_string}"},"query-input":{"@type":"PropertyValueSpecification","valueRequired":true,"valueName":"search_term_string"}}],"inLanguage":"fr-FR"},{"@type":"Organization","@id":"https:\/\/laserplus.ca\/trois-rivieres\/#organization","name":"Laser Plus Trois-Rivi\u00e8res","alternateName":"Laser Plus Trois-Rivi\u00e8res","url":"https:\/\/laserplus.ca\/trois-rivieres\/","logo":{"@type":"ImageObject","inLanguage":"fr-FR","@id":"https:\/\/laserplus.ca\/trois-rivieres\/#\/schema\/logo\/image\/","url":"https:\/\/laserplus.ca\/trois-rivieres\/wp-content\/uploads\/sites\/3\/2023\/05\/logo-laser-plus.svg","contentUrl":"https:\/\/laserplus.ca\/trois-rivieres\/wp-content\/uploads\/sites\/3\/2023\/05\/logo-laser-plus.svg","width":392,"height":114,"caption":"Laser Plus Trois-Rivi\u00e8res"},"image":{"@id":"https:\/\/laserplus.ca\/trois-rivieres\/#\/schema\/logo\/image\/"},"sameAs":["https:\/\/www.facebook.com\/laser.plus.troisrivieres\/"]}]}},"_links":{"self":[{"href":"https:\/\/laserplus.ca\/trois-rivieres\/wp-json\/wp\/v2\/pages\/89","targetHints":{"allow":["GET"]}}],"collection":[{"href":"https:\/\/laserplus.ca\/trois-rivieres\/wp-json\/wp\/v2\/pages"}],"about":[{"href":"https:\/\/laserplus.ca\/trois-rivieres\/wp-json\/wp\/v2\/types\/page"}],"author":[{"embeddable":true,"href":"https:\/\/laserplus.ca\/trois-rivieres\/wp-json\/wp\/v2\/users\/2"}],"replies":[{"embeddable":true,"href":"https:\/\/laserplus.ca\/trois-rivieres\/wp-json\/wp\/v2\/comments?post=89"}],"version-history":[{"count":9,"href":"https:\/\/laserplus.ca\/trois-rivieres\/wp-json\/wp\/v2\/pages\/89\/revisions"}],"predecessor-version":[{"id":857,"href":"https:\/\/laserplus.ca\/trois-rivieres\/wp-json\/wp\/v2\/pages\/89\/revisions\/857"}],"wp:attachment":[{"href":"https:\/\/laserplus.ca\/trois-rivieres\/wp-json\/wp\/v2\/media?parent=89"}],"curies":[{"name":"wp","href":"https:\/\/api.w.org\/{rel}","templated":true}]}}