{"id":93,"date":"2023-05-15T09:25:02","date_gmt":"2023-05-15T13:25:02","guid":{"rendered":"https:\/\/laserplus.ca\/trois-rivieres\/?page_id=93"},"modified":"2025-03-24T11:38:07","modified_gmt":"2025-03-24T15:38:07","slug":"certificats-cadeaux","status":"publish","type":"page","link":"https:\/\/laserplus.ca\/trois-rivieres\/certificats-cadeaux\/","title":{"rendered":"Certificats cadeaux"},"content":{"rendered":"<div class=\"fusion-fullwidth fullwidth-box fusion-builder-row-1 fusion-flex-container has-pattern-background has-mask-background nonhundred-percent-fullwidth non-hundred-percent-height-scrolling\" style=\"--awb-border-radius-top-left:0px;--awb-border-radius-top-right:0px;--awb-border-radius-bottom-right:0px;--awb-border-radius-bottom-left:0px;--awb-flex-wrap:wrap;\" ><div class=\"fusion-builder-row fusion-row fusion-flex-align-items-flex-start fusion-flex-content-wrap\" style=\"max-width:1696px;margin-left: calc(-6% \/ 2 );margin-right: calc(-6% \/ 2 );\"><div class=\"fusion-layout-column fusion_builder_column fusion-builder-column-0 fusion_builder_column_1_1 1_1 fusion-flex-column fusion-animated\" style=\"--awb-bg-size:cover;--awb-width-large:100%;--awb-margin-top-large:0px;--awb-spacing-right-large:2.82%;--awb-margin-bottom-large:80px;--awb-spacing-left-large:2.82%;--awb-width-medium:100%;--awb-order-medium:0;--awb-spacing-right-medium:2.82%;--awb-spacing-left-medium:2.82%;--awb-width-small:100%;--awb-order-small:0;--awb-spacing-right-small:2.82%;--awb-spacing-left-small:2.82%;\" data-animationType=\"fadeInRight\" data-animationDuration=\"1.0\" data-animationOffset=\"top-into-view\" data-scroll-devices=\"small-visibility,medium-visibility,large-visibility\"><div class=\"fusion-column-wrapper fusion-column-has-shadow fusion-flex-justify-content-flex-start fusion-content-layout-column\"><div class=\"fusion-title title fusion-title-1 fusion-sep-none fusion-title-center fusion-title-text fusion-title-size-two style-h1\" style=\"--awb-margin-top:0px;--awb-margin-bottom:0px;--awb-margin-top-small:0px;\"><h2 class=\"fusion-title-heading title-heading-center\" style=\"margin:0;text-transform:uppercase;\">Cadeau parfait<\/h2><\/div><div class=\"fusion-title title fusion-title-2 fusion-sep-none fusion-title-center fusion-title-text fusion-title-size-two\" style=\"--awb-margin-top:0px;--awb-margin-top-small:0px;\"><h2 class=\"fusion-title-heading title-heading-center\" style=\"margin:0;text-transform:uppercase;\">pour tous les membres de la famille et vos amis!<\/h2><\/div><div class=\"fusion-text fusion-text-1\"><p style=\"text-align: center;\">Offrez une exp\u00e9rience m\u00e9morable avec les certificats-cadeaux Laser Plus Trois-Rivi\u00e8res ! Adapt\u00e9s \u00e0 tous les \u00e2ges et toutes les occasions, nos certificats-cadeaux permettent de d\u00e9couvrir une vari\u00e9t\u00e9 d&rsquo;activit\u00e9s interactives, telles que le laser tag, le mini putt fluorescent et les jeux virtuels. Que ce soit pour un anniversaire, une f\u00eate ou pour faire plaisir \u00e0 vos proches, nos certificats-cadeaux sont une id\u00e9e unique et divertissante. Achetez d\u00e8s aujourd&rsquo;hui et offrez une exp\u00e9rience inoubliable \u00e0 ceux que vous aimez !<\/p>\n<\/div><\/div><\/div><div class=\"fusion-layout-column fusion_builder_column fusion-builder-column-1 fusion_builder_column_1_1 1_1 fusion-flex-column fusion-animated\" style=\"--awb-bg-size:cover;--awb-width-large:100%;--awb-margin-top-large:0px;--awb-spacing-right-large:2.82%;--awb-margin-bottom-large:80px;--awb-spacing-left-large:2.82%;--awb-width-medium:100%;--awb-order-medium:0;--awb-spacing-right-medium:2.82%;--awb-spacing-left-medium:2.82%;--awb-width-small:100%;--awb-order-small:0;--awb-spacing-right-small:2.82%;--awb-spacing-left-small:2.82%;\" data-animationType=\"fadeInUp\" data-animationDuration=\"1.5\" data-animationOffset=\"top-into-view\" data-scroll-devices=\"small-visibility,medium-visibility,large-visibility\"><div class=\"fusion-column-wrapper fusion-column-has-shadow fusion-flex-justify-content-flex-start fusion-content-layout-column\"> <script type=\"text\/javascript\" src=\"https:\/\/bookeo.com\/widget.js?a=415639KY3JX17D1EC4C9B6&startmode=buyvoucher\"><\/script><\/div><\/div><\/div><\/div>\n","protected":false},"excerpt":{"rendered":"","protected":false},"author":2,"featured_media":0,"parent":0,"menu_order":0,"comment_status":"closed","ping_status":"closed","template":"100-width.php","meta":{"_acf_changed":false,"footnotes":""},"class_list":["post-93","page","type-page","status-publish","hentry"],"acf":[],"yoast_head":"<!-- This site is optimized with the Yoast SEO plugin v24.3 - https:\/\/yoast.com\/wordpress\/plugins\/seo\/ -->\n<title>Offrez un cadeau unique \u00e0 Trois-Rivi\u00e8res - Laser Plus<\/title>\n<meta name=\"description\" content=\"\u00c0 la recherche du cadeau parfait? Offrez un certificat cadeau de Laser Plus Trois-Rivi\u00e8res pour une exp\u00e9rience divertissante inoubliable.\" \/>\n<meta name=\"robots\" content=\"index, follow, max-snippet:-1, max-image-preview:large, max-video-preview:-1\" \/>\n<link rel=\"canonical\" href=\"https:\/\/laserplus.ca\/trois-rivieres\/certificats-cadeaux\/\" \/>\n<meta property=\"og:locale\" content=\"fr_FR\" \/>\n<meta property=\"og:type\" content=\"article\" \/>\n<meta property=\"og:title\" content=\"Offrez un cadeau unique \u00e0 Trois-Rivi\u00e8res - Laser Plus\" \/>\n<meta property=\"og:description\" content=\"\u00c0 la recherche du cadeau parfait? Offrez un certificat cadeau de Laser Plus Trois-Rivi\u00e8res pour une exp\u00e9rience divertissante inoubliable.\" \/>\n<meta property=\"og:url\" content=\"https:\/\/laserplus.ca\/trois-rivieres\/certificats-cadeaux\/\" \/>\n<meta property=\"og:site_name\" content=\"Laser Plus Trois-Rivi\u00e8res\" \/>\n<meta property=\"article:publisher\" content=\"https:\/\/www.facebook.com\/laser.plus.troisrivieres\/\" \/>\n<meta property=\"article:modified_time\" content=\"2025-03-24T15:38:07+00:00\" \/>\n<meta property=\"og:image\" content=\"https:\/\/laserplus.ca\/trois-rivieres\/wp-content\/uploads\/sites\/3\/2023\/05\/fbk-Laser-Plus-Trois-Rivieres.png\" \/>\n\t<meta property=\"og:image:width\" content=\"1200\" \/>\n\t<meta property=\"og:image:height\" content=\"630\" \/>\n\t<meta property=\"og:image:type\" content=\"image\/png\" \/>\n<script type=\"application\/ld+json\" class=\"yoast-schema-graph\">{\"@context\":\"https:\/\/schema.org\",\"@graph\":[{\"@type\":\"WebPage\",\"@id\":\"https:\/\/laserplus.ca\/trois-rivieres\/certificats-cadeaux\/\",\"url\":\"https:\/\/laserplus.ca\/trois-rivieres\/certificats-cadeaux\/\",\"name\":\"Offrez un cadeau unique \u00e0 Trois-Rivi\u00e8res - Laser Plus\",\"isPartOf\":{\"@id\":\"https:\/\/laserplus.ca\/trois-rivieres\/#website\"},\"datePublished\":\"2023-05-15T13:25:02+00:00\",\"dateModified\":\"2025-03-24T15:38:07+00:00\",\"description\":\"\u00c0 la recherche du cadeau parfait? Offrez un certificat cadeau de Laser Plus Trois-Rivi\u00e8res pour une exp\u00e9rience divertissante inoubliable.\",\"breadcrumb\":{\"@id\":\"https:\/\/laserplus.ca\/trois-rivieres\/certificats-cadeaux\/#breadcrumb\"},\"inLanguage\":\"fr-FR\",\"potentialAction\":[{\"@type\":\"ReadAction\",\"target\":[\"https:\/\/laserplus.ca\/trois-rivieres\/certificats-cadeaux\/\"]}]},{\"@type\":\"BreadcrumbList\",\"@id\":\"https:\/\/laserplus.ca\/trois-rivieres\/certificats-cadeaux\/#breadcrumb\",\"itemListElement\":[{\"@type\":\"ListItem\",\"position\":1,\"name\":\"Accueil\",\"item\":\"https:\/\/laserplus.ca\/trois-rivieres\/\"},{\"@type\":\"ListItem\",\"position\":2,\"name\":\"Certificats cadeaux\"}]},{\"@type\":\"WebSite\",\"@id\":\"https:\/\/laserplus.ca\/trois-rivieres\/#website\",\"url\":\"https:\/\/laserplus.ca\/trois-rivieres\/\",\"name\":\"Laser Plus Trois-Rivi\u00e8res\",\"description\":\"Jeu de poursuite laser &amp; aventure laserputt\",\"publisher\":{\"@id\":\"https:\/\/laserplus.ca\/trois-rivieres\/#organization\"},\"alternateName\":\"Trois-Rivi\u00e8res - Laser Plus\",\"potentialAction\":[{\"@type\":\"SearchAction\",\"target\":{\"@type\":\"EntryPoint\",\"urlTemplate\":\"https:\/\/laserplus.ca\/trois-rivieres\/?s={search_term_string}\"},\"query-input\":{\"@type\":\"PropertyValueSpecification\",\"valueRequired\":true,\"valueName\":\"search_term_string\"}}],\"inLanguage\":\"fr-FR\"},{\"@type\":\"Organization\",\"@id\":\"https:\/\/laserplus.ca\/trois-rivieres\/#organization\",\"name\":\"Laser Plus Trois-Rivi\u00e8res\",\"alternateName\":\"Laser Plus Trois-Rivi\u00e8res\",\"url\":\"https:\/\/laserplus.ca\/trois-rivieres\/\",\"logo\":{\"@type\":\"ImageObject\",\"inLanguage\":\"fr-FR\",\"@id\":\"https:\/\/laserplus.ca\/trois-rivieres\/#\/schema\/logo\/image\/\",\"url\":\"https:\/\/laserplus.ca\/trois-rivieres\/wp-content\/uploads\/sites\/3\/2023\/05\/logo-laser-plus.svg\",\"contentUrl\":\"https:\/\/laserplus.ca\/trois-rivieres\/wp-content\/uploads\/sites\/3\/2023\/05\/logo-laser-plus.svg\",\"width\":392,\"height\":114,\"caption\":\"Laser Plus Trois-Rivi\u00e8res\"},\"image\":{\"@id\":\"https:\/\/laserplus.ca\/trois-rivieres\/#\/schema\/logo\/image\/\"},\"sameAs\":[\"https:\/\/www.facebook.com\/laser.plus.troisrivieres\/\"]}]}<\/script>\n<!-- \/ Yoast SEO plugin. -->","yoast_head_json":{"title":"Offrez un cadeau unique \u00e0 Trois-Rivi\u00e8res - Laser Plus","description":"\u00c0 la recherche du cadeau parfait? Offrez un certificat cadeau de Laser Plus Trois-Rivi\u00e8res pour une exp\u00e9rience divertissante inoubliable.","robots":{"index":"index","follow":"follow","max-snippet":"max-snippet:-1","max-image-preview":"max-image-preview:large","max-video-preview":"max-video-preview:-1"},"canonical":"https:\/\/laserplus.ca\/trois-rivieres\/certificats-cadeaux\/","og_locale":"fr_FR","og_type":"article","og_title":"Offrez un cadeau unique \u00e0 Trois-Rivi\u00e8res - Laser Plus","og_description":"\u00c0 la recherche du cadeau parfait? Offrez un certificat cadeau de Laser Plus Trois-Rivi\u00e8res pour une exp\u00e9rience divertissante inoubliable.","og_url":"https:\/\/laserplus.ca\/trois-rivieres\/certificats-cadeaux\/","og_site_name":"Laser Plus Trois-Rivi\u00e8res","article_publisher":"https:\/\/www.facebook.com\/laser.plus.troisrivieres\/","article_modified_time":"2025-03-24T15:38:07+00:00","og_image":[{"width":1200,"height":630,"url":"https:\/\/laserplus.ca\/trois-rivieres\/wp-content\/uploads\/sites\/3\/2023\/05\/fbk-Laser-Plus-Trois-Rivieres.png","type":"image\/png"}],"schema":{"@context":"https:\/\/schema.org","@graph":[{"@type":"WebPage","@id":"https:\/\/laserplus.ca\/trois-rivieres\/certificats-cadeaux\/","url":"https:\/\/laserplus.ca\/trois-rivieres\/certificats-cadeaux\/","name":"Offrez un cadeau unique \u00e0 Trois-Rivi\u00e8res - Laser Plus","isPartOf":{"@id":"https:\/\/laserplus.ca\/trois-rivieres\/#website"},"datePublished":"2023-05-15T13:25:02+00:00","dateModified":"2025-03-24T15:38:07+00:00","description":"\u00c0 la recherche du cadeau parfait? Offrez un certificat cadeau de Laser Plus Trois-Rivi\u00e8res pour une exp\u00e9rience divertissante inoubliable.","breadcrumb":{"@id":"https:\/\/laserplus.ca\/trois-rivieres\/certificats-cadeaux\/#breadcrumb"},"inLanguage":"fr-FR","potentialAction":[{"@type":"ReadAction","target":["https:\/\/laserplus.ca\/trois-rivieres\/certificats-cadeaux\/"]}]},{"@type":"BreadcrumbList","@id":"https:\/\/laserplus.ca\/trois-rivieres\/certificats-cadeaux\/#breadcrumb","itemListElement":[{"@type":"ListItem","position":1,"name":"Accueil","item":"https:\/\/laserplus.ca\/trois-rivieres\/"},{"@type":"ListItem","position":2,"name":"Certificats cadeaux"}]},{"@type":"WebSite","@id":"https:\/\/laserplus.ca\/trois-rivieres\/#website","url":"https:\/\/laserplus.ca\/trois-rivieres\/","name":"Laser Plus Trois-Rivi\u00e8res","description":"Jeu de poursuite laser &amp; aventure laserputt","publisher":{"@id":"https:\/\/laserplus.ca\/trois-rivieres\/#organization"},"alternateName":"Trois-Rivi\u00e8res - Laser Plus","potentialAction":[{"@type":"SearchAction","target":{"@type":"EntryPoint","urlTemplate":"https:\/\/laserplus.ca\/trois-rivieres\/?s={search_term_string}"},"query-input":{"@type":"PropertyValueSpecification","valueRequired":true,"valueName":"search_term_string"}}],"inLanguage":"fr-FR"},{"@type":"Organization","@id":"https:\/\/laserplus.ca\/trois-rivieres\/#organization","name":"Laser Plus Trois-Rivi\u00e8res","alternateName":"Laser Plus Trois-Rivi\u00e8res","url":"https:\/\/laserplus.ca\/trois-rivieres\/","logo":{"@type":"ImageObject","inLanguage":"fr-FR","@id":"https:\/\/laserplus.ca\/trois-rivieres\/#\/schema\/logo\/image\/","url":"https:\/\/laserplus.ca\/trois-rivieres\/wp-content\/uploads\/sites\/3\/2023\/05\/logo-laser-plus.svg","contentUrl":"https:\/\/laserplus.ca\/trois-rivieres\/wp-content\/uploads\/sites\/3\/2023\/05\/logo-laser-plus.svg","width":392,"height":114,"caption":"Laser Plus Trois-Rivi\u00e8res"},"image":{"@id":"https:\/\/laserplus.ca\/trois-rivieres\/#\/schema\/logo\/image\/"},"sameAs":["https:\/\/www.facebook.com\/laser.plus.troisrivieres\/"]}]}},"_links":{"self":[{"href":"https:\/\/laserplus.ca\/trois-rivieres\/wp-json\/wp\/v2\/pages\/93","targetHints":{"allow":["GET"]}}],"collection":[{"href":"https:\/\/laserplus.ca\/trois-rivieres\/wp-json\/wp\/v2\/pages"}],"about":[{"href":"https:\/\/laserplus.ca\/trois-rivieres\/wp-json\/wp\/v2\/types\/page"}],"author":[{"embeddable":true,"href":"https:\/\/laserplus.ca\/trois-rivieres\/wp-json\/wp\/v2\/users\/2"}],"replies":[{"embeddable":true,"href":"https:\/\/laserplus.ca\/trois-rivieres\/wp-json\/wp\/v2\/comments?post=93"}],"version-history":[{"count":10,"href":"https:\/\/laserplus.ca\/trois-rivieres\/wp-json\/wp\/v2\/pages\/93\/revisions"}],"predecessor-version":[{"id":853,"href":"https:\/\/laserplus.ca\/trois-rivieres\/wp-json\/wp\/v2\/pages\/93\/revisions\/853"}],"wp:attachment":[{"href":"https:\/\/laserplus.ca\/trois-rivieres\/wp-json\/wp\/v2\/media?parent=93"}],"curies":[{"name":"wp","href":"https:\/\/api.w.org\/{rel}","templated":true}]}}