{"id":99,"date":"2023-05-15T09:25:51","date_gmt":"2023-05-15T13:25:51","guid":{"rendered":"https:\/\/laserplus.ca\/trois-rivieres\/?page_id=99"},"modified":"2025-09-25T08:47:57","modified_gmt":"2025-09-25T12:47:57","slug":"faq","status":"publish","type":"page","link":"https:\/\/laserplus.ca\/trois-rivieres\/faq\/","title":{"rendered":"FAQ"},"content":{"rendered":"<div class=\"fusion-fullwidth fullwidth-box fusion-builder-row-1 fusion-flex-container has-pattern-background has-mask-background nonhundred-percent-fullwidth non-hundred-percent-height-scrolling\" style=\"--awb-border-radius-top-left:0px;--awb-border-radius-top-right:0px;--awb-border-radius-bottom-right:0px;--awb-border-radius-bottom-left:0px;--awb-flex-wrap:wrap;\" ><div class=\"fusion-builder-row fusion-row fusion-flex-align-items-flex-start fusion-flex-content-wrap\" style=\"max-width:1696px;margin-left: calc(-6% \/ 2 );margin-right: calc(-6% \/ 2 );\"><div class=\"fusion-layout-column fusion_builder_column fusion-builder-column-0 fusion_builder_column_1_1 1_1 fusion-flex-column\" style=\"--awb-bg-size:cover;--awb-width-large:100%;--awb-margin-top-large:0px;--awb-spacing-right-large:2.82%;--awb-margin-bottom-large:80px;--awb-spacing-left-large:2.82%;--awb-width-medium:100%;--awb-order-medium:0;--awb-spacing-right-medium:2.82%;--awb-spacing-left-medium:2.82%;--awb-width-small:100%;--awb-order-small:0;--awb-spacing-right-small:2.82%;--awb-spacing-left-small:2.82%;\"><div class=\"fusion-column-wrapper fusion-column-has-shadow fusion-flex-justify-content-flex-start fusion-content-layout-column\"><div class=\"accordian fusion-accordian\" style=\"--awb-border-size:1px;--awb-icon-size:40px;--awb-content-font-size:20px;--awb-icon-alignment:right;--awb-hover-color:rgba(255,255,255,0);--awb-border-color:var(--awb-color3);--awb-background-color:rgba(0,0,0,0);--awb-divider-color:var(--awb-color3);--awb-divider-hover-color:var(--awb-color3);--awb-icon-color:var(--awb-color3);--awb-title-color:var(--awb-color3);--awb-content-color:var(--awb-color2);--awb-icon-box-color:var(--awb-color3);--awb-toggle-hover-accent-color:var(--awb-color3);--awb-toggle-active-accent-color:var(--awb-color3);--awb-title-font-family:&quot;obvia&quot;;--awb-title-font-weight:300;--awb-title-font-style:normal;--awb-title-font-size:25px;--awb-content-font-family:&quot;obvia&quot;;--awb-content-font-style:normal;--awb-content-font-weight:400;\"><div class=\"panel-group fusion-toggle-icon-right fusion-toggle-icon-unboxed\" id=\"accordion-99-1\"><div class=\"fusion-panel panel-default panel-7af94b0f4d3b03d3d fusion-toggle-no-divider fusion-toggle-boxed-mode\" style=\"--awb-title-color:var(--awb-color3);\"><div class=\"panel-heading\"><h4 class=\"panel-title toggle\" id=\"toggle_7af94b0f4d3b03d3d\"><a aria-expanded=\"false\" aria-controls=\"7af94b0f4d3b03d3d\" role=\"button\" data-toggle=\"collapse\" data-parent=\"#accordion-99-1\" data-target=\"#7af94b0f4d3b03d3d\" href=\"#7af94b0f4d3b03d3d\"><span class=\"fusion-toggle-icon-wrapper\" aria-hidden=\"true\"><i class=\"fa-fusion-box active-icon awb-icon-minus\" aria-hidden=\"true\"><\/i><i class=\"fa-fusion-box inactive-icon awb-icon-plus\" aria-hidden=\"true\"><\/i><\/span><span class=\"fusion-toggle-heading\">Ai-je besoin de r\u00e9server?<\/span><\/a><\/h4><\/div><div id=\"7af94b0f4d3b03d3d\" class=\"panel-collapse collapse \" aria-labelledby=\"toggle_7af94b0f4d3b03d3d\"><div class=\"panel-body toggle-content fusion-clearfix\">\n<p>Oui, il est fortement recommand\u00e9 de r\u00e9server pour toutes nos activit\u00e9s chez Laser Plus Trois-Rivi\u00e8res, sauf pour l\u2019aventure Laser Putt. En r\u00e9servant, vous assurez la disponibilit\u00e9 de nos zones de jeux et \u00e9vitez ainsi toute attente.<\/p>\n<p>Que ce soit pour une session de laser tag excitante, une aventure de mini-golf fluorescent, de la r\u00e9alit\u00e9 virtuelle, Quizy ou un jeu d&rsquo;\u00e9vasion, que ce soit pour une f\u00eate d&rsquo;enfant, une sortie scolaire ou un \u00e9v\u00e9nement de bureau ou de groupe sportif, la r\u00e9servation est la meilleure fa\u00e7on de profiter pleinement de votre exp\u00e9rience.<\/p>\n<p>Vous pouvez r\u00e9server facilement en ligne pour les activit\u00e9s de r\u00e9alit\u00e9 virtuelle, Quizy et un jeu d&rsquo;\u00e9vasion. Cependant, pour la Poursuite Laser, vous devez appeler au <a href=\"tel:8193763555\">819 376-3555<\/a>. Assurez-vous d&rsquo;avoir votre place et pr\u00e9parez-vous \u00e0 vivre un moment inoubliable avec vos amis, votre famille ou vos coll\u00e8gues.<\/p>\n<\/div><\/div><\/div><div class=\"fusion-panel panel-default panel-ffdd97ce4d76377d3 fusion-toggle-no-divider fusion-toggle-boxed-mode\" style=\"--awb-title-color:var(--awb-color3);\"><div class=\"panel-heading\"><h4 class=\"panel-title toggle\" id=\"toggle_ffdd97ce4d76377d3\"><a aria-expanded=\"false\" aria-controls=\"ffdd97ce4d76377d3\" role=\"button\" data-toggle=\"collapse\" data-parent=\"#accordion-99-1\" data-target=\"#ffdd97ce4d76377d3\" href=\"#ffdd97ce4d76377d3\"><span class=\"fusion-toggle-icon-wrapper\" aria-hidden=\"true\"><i class=\"fa-fusion-box active-icon awb-icon-minus\" aria-hidden=\"true\"><\/i><i class=\"fa-fusion-box inactive-icon awb-icon-plus\" aria-hidden=\"true\"><\/i><\/span><span class=\"fusion-toggle-heading\">Quelle est l'age minimum pour jouer au Laser?<\/span><\/a><\/h4><\/div><div id=\"ffdd97ce4d76377d3\" class=\"panel-collapse collapse \" aria-labelledby=\"toggle_ffdd97ce4d76377d3\"><div class=\"panel-body toggle-content fusion-clearfix\">La poursuite laser est accessible \u00e0 partir de 5 ans. Toutefois, il est important de v\u00e9rifier que votre enfant ne craint pas l\u2019obscurit\u00e9 et qu&rsquo;il est suffisamment grand et robuste pour porter un \u00e9quipement de 6 livres pendant toute la dur\u00e9e du jeu. Cela assurera une exp\u00e9rience agr\u00e9able et s\u00e9curitaire pour lui, tout en maximisant le plaisir de l\u2019aventure laser. Si vous avez des questions ou des pr\u00e9occupations, notre \u00e9quipe est disponible pour vous fournir des conseils et vous aider \u00e0 profiter pleinement de votre exp\u00e9rience chez Laser Plus Trois-Rivi\u00e8res.<\/div><\/div><\/div><div class=\"fusion-panel panel-default panel-c4fd1bd9e7f4706b7 fusion-toggle-no-divider fusion-toggle-boxed-mode\" style=\"--awb-title-color:var(--awb-color3);\"><div class=\"panel-heading\"><h4 class=\"panel-title toggle\" id=\"toggle_c4fd1bd9e7f4706b7\"><a aria-expanded=\"false\" aria-controls=\"c4fd1bd9e7f4706b7\" role=\"button\" data-toggle=\"collapse\" data-parent=\"#accordion-99-1\" data-target=\"#c4fd1bd9e7f4706b7\" href=\"#c4fd1bd9e7f4706b7\"><span class=\"fusion-toggle-icon-wrapper\" aria-hidden=\"true\"><i class=\"fa-fusion-box active-icon awb-icon-minus\" aria-hidden=\"true\"><\/i><i class=\"fa-fusion-box inactive-icon awb-icon-plus\" aria-hidden=\"true\"><\/i><\/span><span class=\"fusion-toggle-heading\">Quelle est l'age minimum pour jouer au minigolf?<\/span><\/a><\/h4><\/div><div id=\"c4fd1bd9e7f4706b7\" class=\"panel-collapse collapse \" aria-labelledby=\"toggle_c4fd1bd9e7f4706b7\"><div class=\"panel-body toggle-content fusion-clearfix\">Il n\u2019y a pas d\u2019\u00e2ge minimum pour jouer au mini-golf chez Laser Plus Trois-Rivi\u00e8res. Cette activit\u00e9 est parfaite pour les enfants, les adultes et les familles, offrant une exp\u00e9rience amusante et accessible \u00e0 tous. Que ce soit pour une sortie en famille, entre amis ou pour c\u00e9l\u00e9brer un \u00e9v\u00e9nement sp\u00e9cial, notre parcours de mini-golf black light promet une exp\u00e9rience divertissante pour tous, quel que soit l&rsquo;\u00e2ge. Venez vivre une aventure ludique et interactive, adapt\u00e9e \u00e0 tous les participants !<\/div><\/div><\/div><div class=\"fusion-panel panel-default panel-c44ae0b8dcf253088 fusion-toggle-no-divider fusion-toggle-boxed-mode\" style=\"--awb-title-color:var(--awb-color3);\"><div class=\"panel-heading\"><h4 class=\"panel-title toggle\" id=\"toggle_c44ae0b8dcf253088\"><a aria-expanded=\"false\" aria-controls=\"c44ae0b8dcf253088\" role=\"button\" data-toggle=\"collapse\" data-parent=\"#accordion-99-1\" data-target=\"#c44ae0b8dcf253088\" href=\"#c44ae0b8dcf253088\"><span class=\"fusion-toggle-icon-wrapper\" aria-hidden=\"true\"><i class=\"fa-fusion-box active-icon awb-icon-minus\" aria-hidden=\"true\"><\/i><i class=\"fa-fusion-box inactive-icon awb-icon-plus\" aria-hidden=\"true\"><\/i><\/span><span class=\"fusion-toggle-heading\">Quelle est l'age minimum pour jouer \u00e0 la r\u00e9alit\u00e9 virtuelle?<\/span><\/a><\/h4><\/div><div id=\"c44ae0b8dcf253088\" class=\"panel-collapse collapse \" aria-labelledby=\"toggle_c44ae0b8dcf253088\"><div class=\"panel-body toggle-content fusion-clearfix\">\n<p>La r\u00e9alit\u00e9 virtuelle chez Laser Plus Trois-Rivi\u00e8res est accessible \u00e0 partir de 10 ans qui sont d\u00e9brouillard et capable d&rsquo;une certaine autonomie, car une fois que les explications ont \u00e9t\u00e9 fait et que l&rsquo;\u00e9quipement est install\u00e9 sur votre t\u00eate, il est difficile d&rsquo;expliquer \u00e0 nouveau.<\/p>\n<p>Cette exp\u00e9rience immersive propose une aventure unique et excitante, id\u00e9ale pour les enfants, les adolescents et les adultes. Assurez-vous que votre enfant se sente \u00e0 l\u2019aise avec l\u2019\u00e9quipement et pr\u00eat \u00e0 vivre une exp\u00e9rience virtuelle inoubliable. Si vous avez des questions ou besoin de conseils concernant la r\u00e9alit\u00e9 virtuelle, notre \u00e9quipe est l\u00e0 pour vous guider et vous aider \u00e0 tirer le meilleur parti de cette activit\u00e9 innovante.<\/p>\n<\/div><\/div><\/div><div class=\"fusion-panel panel-default panel-28a67269d2cd358da fusion-toggle-no-divider fusion-toggle-boxed-mode\" style=\"--awb-title-color:var(--awb-color3);\"><div class=\"panel-heading\"><h4 class=\"panel-title toggle\" id=\"toggle_28a67269d2cd358da\"><a aria-expanded=\"false\" aria-controls=\"28a67269d2cd358da\" role=\"button\" data-toggle=\"collapse\" data-parent=\"#accordion-99-1\" data-target=\"#28a67269d2cd358da\" href=\"#28a67269d2cd358da\"><span class=\"fusion-toggle-icon-wrapper\" aria-hidden=\"true\"><i class=\"fa-fusion-box active-icon awb-icon-minus\" aria-hidden=\"true\"><\/i><i class=\"fa-fusion-box inactive-icon awb-icon-plus\" aria-hidden=\"true\"><\/i><\/span><span class=\"fusion-toggle-heading\">Avez-vous un carton d'invitation pour les f\u00eates?<\/span><\/a><\/h4><\/div><div id=\"28a67269d2cd358da\" class=\"panel-collapse collapse \" aria-labelledby=\"toggle_28a67269d2cd358da\"><div class=\"panel-body toggle-content fusion-clearfix\">Oui, nous proposons des cartes d\u2019invitation sp\u00e9cialement con\u00e7ues pour vos f\u00eates et \u00e9v\u00e9nements chez Laser Plus. Vous pouvez facilement les <a href=\"https:\/\/laserplus.ca\/trois-rivieres\/wp-content\/uploads\/sites\/3\/2023\/05\/LaserPlus_Invitation-Trois-Rivieres.pdf\" target=\"_blank\" rel=\"noopener\">t\u00e9l\u00e9charger<\/a> en Carton d\u2019invitation. Ces cartes personnalis\u00e9es ajouteront une touche sp\u00e9ciale \u00e0 vos invitations et rendront votre \u00e9v\u00e9nement encore plus m\u00e9morable. Que ce soit pour un anniversaire, une f\u00eate d\u2019entreprise ou toute autre occasion, nos cartes d\u2019invitation sont parfaites pour inviter vos proches \u00e0 vivre une exp\u00e9rience unique chez nous !<\/div><\/div><\/div><div class=\"fusion-panel panel-default panel-6dd6aac2fec641a68 fusion-toggle-no-divider fusion-toggle-boxed-mode\" style=\"--awb-title-color:var(--awb-color3);\"><div class=\"panel-heading\"><h4 class=\"panel-title toggle\" id=\"toggle_6dd6aac2fec641a68\"><a aria-expanded=\"false\" aria-controls=\"6dd6aac2fec641a68\" role=\"button\" data-toggle=\"collapse\" data-parent=\"#accordion-99-1\" data-target=\"#6dd6aac2fec641a68\" href=\"#6dd6aac2fec641a68\"><span class=\"fusion-toggle-icon-wrapper\" aria-hidden=\"true\"><i class=\"fa-fusion-box active-icon awb-icon-minus\" aria-hidden=\"true\"><\/i><i class=\"fa-fusion-box inactive-icon awb-icon-plus\" aria-hidden=\"true\"><\/i><\/span><span class=\"fusion-toggle-heading\">Avez-vous des tarifs pour les enfants?<\/span><\/a><\/h4><\/div><div id=\"6dd6aac2fec641a68\" class=\"panel-collapse collapse \" aria-labelledby=\"toggle_6dd6aac2fec641a68\"><div class=\"panel-body toggle-content fusion-clearfix\">Oui, nous offrons des tarifs r\u00e9duits pour les enfants de 12 ans et moins, ainsi que pour les 13 ans et plus, mais uniquement pour notre activit\u00e9 Laser Putt (mini-golf). Pour toutes les autres activit\u00e9s, telles que le laser tag et la r\u00e9alit\u00e9 virtuelle, le tarif est le m\u00eame pour tous les participants, quel que soit leur \u00e2ge. Que vous veniez en famille ou entre amis, vous pourrez profiter de nos activit\u00e9s tout en respectant votre budget !<\/div><\/div><\/div><div class=\"fusion-panel panel-default panel-499b560a73c6e3fe1 fusion-toggle-no-divider fusion-toggle-boxed-mode\" style=\"--awb-title-color:var(--awb-color3);\"><div class=\"panel-heading\"><h4 class=\"panel-title toggle\" id=\"toggle_499b560a73c6e3fe1\"><a aria-expanded=\"false\" aria-controls=\"499b560a73c6e3fe1\" role=\"button\" data-toggle=\"collapse\" data-parent=\"#accordion-99-1\" data-target=\"#499b560a73c6e3fe1\" href=\"#499b560a73c6e3fe1\"><span class=\"fusion-toggle-icon-wrapper\" aria-hidden=\"true\"><i class=\"fa-fusion-box active-icon awb-icon-minus\" aria-hidden=\"true\"><\/i><i class=\"fa-fusion-box inactive-icon awb-icon-plus\" aria-hidden=\"true\"><\/i><\/span><span class=\"fusion-toggle-heading\">Est-il possible de r\u00e9server par courriel ou facebook?<\/span><\/a><\/h4><\/div><div id=\"499b560a73c6e3fe1\" class=\"panel-collapse collapse \" aria-labelledby=\"toggle_499b560a73c6e3fe1\"><div class=\"panel-body toggle-content fusion-clearfix\">\n<p>Oui, mais si vous voulez r\u00e9server pour la r\u00e9alit\u00e9 vituelle, Quizy ou un jeu d&rsquo;\u00e9vasion, nous vous recommandons fortement de r\u00e9server en ligne, car vous aurez les disponibilit\u00e9s en temps r\u00e9el et vous aurez votre place imm\u00e9diatement. Si vous souhaitez avoir une r\u00e9ponse rapide, nous vous recommandons d&rsquo;appeler au 819-620-8220. Les courriels et les messages Facebook ne sont pas r\u00e9pondus de mani\u00e8re instantan\u00e9s.<\/p>\n<\/div><\/div><\/div><div class=\"fusion-panel panel-default panel-053531400aa58a8fb fusion-toggle-no-divider fusion-toggle-boxed-mode\" style=\"--awb-title-color:var(--awb-color3);\"><div class=\"panel-heading\"><h4 class=\"panel-title toggle\" id=\"toggle_053531400aa58a8fb\"><a aria-expanded=\"false\" aria-controls=\"053531400aa58a8fb\" role=\"button\" data-toggle=\"collapse\" data-parent=\"#accordion-99-1\" data-target=\"#053531400aa58a8fb\" href=\"#053531400aa58a8fb\"><span class=\"fusion-toggle-icon-wrapper\" aria-hidden=\"true\"><i class=\"fa-fusion-box active-icon awb-icon-minus\" aria-hidden=\"true\"><\/i><i class=\"fa-fusion-box inactive-icon awb-icon-plus\" aria-hidden=\"true\"><\/i><\/span><span class=\"fusion-toggle-heading\">Est-ce que les activit\u00e9s sont accessibles pour les personnes \u00e0 mobilit\u00e9 r\u00e9duite?<\/span><\/a><\/h4><\/div><div id=\"053531400aa58a8fb\" class=\"panel-collapse collapse \" aria-labelledby=\"toggle_053531400aa58a8fb\"><div class=\"panel-body toggle-content fusion-clearfix\">\n<p>Oui, toutes nos activit\u00e9s sont accessibles aux personnes \u00e0 mobilit\u00e9 r\u00e9duite. Certaines restrictions peuvent s&rsquo;appliquer en fonction de l&rsquo;activit\u00e9, alors n&rsquo;h\u00e9sitez pas \u00e0 nous contacter pour obtenir plus de d\u00e9tails sur l&rsquo;accessibilit\u00e9 et garantir une exp\u00e9rience confortable et agr\u00e9able.<\/p>\n<\/div><\/div><\/div><\/div><\/div><\/div><\/div><\/div><\/div>\n","protected":false},"excerpt":{"rendered":"","protected":false},"author":2,"featured_media":0,"parent":0,"menu_order":0,"comment_status":"closed","ping_status":"closed","template":"100-width.php","meta":{"_acf_changed":false,"footnotes":""},"class_list":["post-99","page","type-page","status-publish","hentry"],"acf":[],"yoast_head":"<!-- This site is optimized with the Yoast SEO plugin v24.3 - https:\/\/yoast.com\/wordpress\/plugins\/seo\/ -->\n<title>Questions sur le Laser Plus \u00e0 Trois-Rivi\u00e8res? Consultez notre FAQ!<\/title>\n<meta name=\"description\" content=\"Vous avez des questions sur nos jeux ou nos services? Consultez notre FAQ pour obtenir des r\u00e9ponses rapides \u00e0 propos du Laser Plus de Trois-Rivi\u00e8res.\" \/>\n<meta name=\"robots\" content=\"index, follow, max-snippet:-1, max-image-preview:large, max-video-preview:-1\" \/>\n<link rel=\"canonical\" href=\"https:\/\/laserplus.ca\/trois-rivieres\/faq\/\" \/>\n<meta property=\"og:locale\" content=\"fr_FR\" \/>\n<meta property=\"og:type\" content=\"article\" \/>\n<meta property=\"og:title\" content=\"Questions sur le Laser Plus \u00e0 Trois-Rivi\u00e8res? Consultez notre FAQ!\" \/>\n<meta property=\"og:description\" content=\"Vous avez des questions sur nos jeux ou nos services? Consultez notre FAQ pour obtenir des r\u00e9ponses rapides \u00e0 propos du Laser Plus de Trois-Rivi\u00e8res.\" \/>\n<meta property=\"og:url\" content=\"https:\/\/laserplus.ca\/trois-rivieres\/faq\/\" \/>\n<meta property=\"og:site_name\" content=\"Laser Plus Trois-Rivi\u00e8res\" \/>\n<meta property=\"article:publisher\" content=\"https:\/\/www.facebook.com\/laser.plus.troisrivieres\/\" \/>\n<meta property=\"article:modified_time\" content=\"2025-09-25T12:47:57+00:00\" \/>\n<meta property=\"og:image\" content=\"https:\/\/laserplus.ca\/trois-rivieres\/wp-content\/uploads\/sites\/3\/2023\/05\/fbk-Laser-Plus-Trois-Rivieres.png\" \/>\n\t<meta property=\"og:image:width\" content=\"1200\" \/>\n\t<meta property=\"og:image:height\" content=\"630\" \/>\n\t<meta property=\"og:image:type\" content=\"image\/png\" \/>\n<script type=\"application\/ld+json\" class=\"yoast-schema-graph\">{\"@context\":\"https:\/\/schema.org\",\"@graph\":[{\"@type\":\"WebPage\",\"@id\":\"https:\/\/laserplus.ca\/trois-rivieres\/faq\/\",\"url\":\"https:\/\/laserplus.ca\/trois-rivieres\/faq\/\",\"name\":\"Questions sur le Laser Plus \u00e0 Trois-Rivi\u00e8res? Consultez notre FAQ!\",\"isPartOf\":{\"@id\":\"https:\/\/laserplus.ca\/trois-rivieres\/#website\"},\"datePublished\":\"2023-05-15T13:25:51+00:00\",\"dateModified\":\"2025-09-25T12:47:57+00:00\",\"description\":\"Vous avez des questions sur nos jeux ou nos services? Consultez notre FAQ pour obtenir des r\u00e9ponses rapides \u00e0 propos du Laser Plus de Trois-Rivi\u00e8res.\",\"breadcrumb\":{\"@id\":\"https:\/\/laserplus.ca\/trois-rivieres\/faq\/#breadcrumb\"},\"inLanguage\":\"fr-FR\",\"potentialAction\":[{\"@type\":\"ReadAction\",\"target\":[\"https:\/\/laserplus.ca\/trois-rivieres\/faq\/\"]}]},{\"@type\":\"BreadcrumbList\",\"@id\":\"https:\/\/laserplus.ca\/trois-rivieres\/faq\/#breadcrumb\",\"itemListElement\":[{\"@type\":\"ListItem\",\"position\":1,\"name\":\"Accueil\",\"item\":\"https:\/\/laserplus.ca\/trois-rivieres\/\"},{\"@type\":\"ListItem\",\"position\":2,\"name\":\"FAQ\"}]},{\"@type\":\"WebSite\",\"@id\":\"https:\/\/laserplus.ca\/trois-rivieres\/#website\",\"url\":\"https:\/\/laserplus.ca\/trois-rivieres\/\",\"name\":\"Laser Plus Trois-Rivi\u00e8res\",\"description\":\"Jeu de poursuite laser &amp; aventure laserputt\",\"publisher\":{\"@id\":\"https:\/\/laserplus.ca\/trois-rivieres\/#organization\"},\"alternateName\":\"Trois-Rivi\u00e8res - Laser Plus\",\"potentialAction\":[{\"@type\":\"SearchAction\",\"target\":{\"@type\":\"EntryPoint\",\"urlTemplate\":\"https:\/\/laserplus.ca\/trois-rivieres\/?s={search_term_string}\"},\"query-input\":{\"@type\":\"PropertyValueSpecification\",\"valueRequired\":true,\"valueName\":\"search_term_string\"}}],\"inLanguage\":\"fr-FR\"},{\"@type\":\"Organization\",\"@id\":\"https:\/\/laserplus.ca\/trois-rivieres\/#organization\",\"name\":\"Laser Plus Trois-Rivi\u00e8res\",\"alternateName\":\"Laser Plus Trois-Rivi\u00e8res\",\"url\":\"https:\/\/laserplus.ca\/trois-rivieres\/\",\"logo\":{\"@type\":\"ImageObject\",\"inLanguage\":\"fr-FR\",\"@id\":\"https:\/\/laserplus.ca\/trois-rivieres\/#\/schema\/logo\/image\/\",\"url\":\"https:\/\/laserplus.ca\/trois-rivieres\/wp-content\/uploads\/sites\/3\/2023\/05\/logo-laser-plus.svg\",\"contentUrl\":\"https:\/\/laserplus.ca\/trois-rivieres\/wp-content\/uploads\/sites\/3\/2023\/05\/logo-laser-plus.svg\",\"width\":392,\"height\":114,\"caption\":\"Laser Plus Trois-Rivi\u00e8res\"},\"image\":{\"@id\":\"https:\/\/laserplus.ca\/trois-rivieres\/#\/schema\/logo\/image\/\"},\"sameAs\":[\"https:\/\/www.facebook.com\/laser.plus.troisrivieres\/\"]}]}<\/script>\n<!-- \/ Yoast SEO plugin. -->","yoast_head_json":{"title":"Questions sur le Laser Plus \u00e0 Trois-Rivi\u00e8res? Consultez notre FAQ!","description":"Vous avez des questions sur nos jeux ou nos services? Consultez notre FAQ pour obtenir des r\u00e9ponses rapides \u00e0 propos du Laser Plus de Trois-Rivi\u00e8res.","robots":{"index":"index","follow":"follow","max-snippet":"max-snippet:-1","max-image-preview":"max-image-preview:large","max-video-preview":"max-video-preview:-1"},"canonical":"https:\/\/laserplus.ca\/trois-rivieres\/faq\/","og_locale":"fr_FR","og_type":"article","og_title":"Questions sur le Laser Plus \u00e0 Trois-Rivi\u00e8res? Consultez notre FAQ!","og_description":"Vous avez des questions sur nos jeux ou nos services? Consultez notre FAQ pour obtenir des r\u00e9ponses rapides \u00e0 propos du Laser Plus de Trois-Rivi\u00e8res.","og_url":"https:\/\/laserplus.ca\/trois-rivieres\/faq\/","og_site_name":"Laser Plus Trois-Rivi\u00e8res","article_publisher":"https:\/\/www.facebook.com\/laser.plus.troisrivieres\/","article_modified_time":"2025-09-25T12:47:57+00:00","og_image":[{"width":1200,"height":630,"url":"https:\/\/laserplus.ca\/trois-rivieres\/wp-content\/uploads\/sites\/3\/2023\/05\/fbk-Laser-Plus-Trois-Rivieres.png","type":"image\/png"}],"schema":{"@context":"https:\/\/schema.org","@graph":[{"@type":"WebPage","@id":"https:\/\/laserplus.ca\/trois-rivieres\/faq\/","url":"https:\/\/laserplus.ca\/trois-rivieres\/faq\/","name":"Questions sur le Laser Plus \u00e0 Trois-Rivi\u00e8res? Consultez notre FAQ!","isPartOf":{"@id":"https:\/\/laserplus.ca\/trois-rivieres\/#website"},"datePublished":"2023-05-15T13:25:51+00:00","dateModified":"2025-09-25T12:47:57+00:00","description":"Vous avez des questions sur nos jeux ou nos services? Consultez notre FAQ pour obtenir des r\u00e9ponses rapides \u00e0 propos du Laser Plus de Trois-Rivi\u00e8res.","breadcrumb":{"@id":"https:\/\/laserplus.ca\/trois-rivieres\/faq\/#breadcrumb"},"inLanguage":"fr-FR","potentialAction":[{"@type":"ReadAction","target":["https:\/\/laserplus.ca\/trois-rivieres\/faq\/"]}]},{"@type":"BreadcrumbList","@id":"https:\/\/laserplus.ca\/trois-rivieres\/faq\/#breadcrumb","itemListElement":[{"@type":"ListItem","position":1,"name":"Accueil","item":"https:\/\/laserplus.ca\/trois-rivieres\/"},{"@type":"ListItem","position":2,"name":"FAQ"}]},{"@type":"WebSite","@id":"https:\/\/laserplus.ca\/trois-rivieres\/#website","url":"https:\/\/laserplus.ca\/trois-rivieres\/","name":"Laser Plus Trois-Rivi\u00e8res","description":"Jeu de poursuite laser &amp; aventure laserputt","publisher":{"@id":"https:\/\/laserplus.ca\/trois-rivieres\/#organization"},"alternateName":"Trois-Rivi\u00e8res - Laser Plus","potentialAction":[{"@type":"SearchAction","target":{"@type":"EntryPoint","urlTemplate":"https:\/\/laserplus.ca\/trois-rivieres\/?s={search_term_string}"},"query-input":{"@type":"PropertyValueSpecification","valueRequired":true,"valueName":"search_term_string"}}],"inLanguage":"fr-FR"},{"@type":"Organization","@id":"https:\/\/laserplus.ca\/trois-rivieres\/#organization","name":"Laser Plus Trois-Rivi\u00e8res","alternateName":"Laser Plus Trois-Rivi\u00e8res","url":"https:\/\/laserplus.ca\/trois-rivieres\/","logo":{"@type":"ImageObject","inLanguage":"fr-FR","@id":"https:\/\/laserplus.ca\/trois-rivieres\/#\/schema\/logo\/image\/","url":"https:\/\/laserplus.ca\/trois-rivieres\/wp-content\/uploads\/sites\/3\/2023\/05\/logo-laser-plus.svg","contentUrl":"https:\/\/laserplus.ca\/trois-rivieres\/wp-content\/uploads\/sites\/3\/2023\/05\/logo-laser-plus.svg","width":392,"height":114,"caption":"Laser Plus Trois-Rivi\u00e8res"},"image":{"@id":"https:\/\/laserplus.ca\/trois-rivieres\/#\/schema\/logo\/image\/"},"sameAs":["https:\/\/www.facebook.com\/laser.plus.troisrivieres\/"]}]}},"_links":{"self":[{"href":"https:\/\/laserplus.ca\/trois-rivieres\/wp-json\/wp\/v2\/pages\/99","targetHints":{"allow":["GET"]}}],"collection":[{"href":"https:\/\/laserplus.ca\/trois-rivieres\/wp-json\/wp\/v2\/pages"}],"about":[{"href":"https:\/\/laserplus.ca\/trois-rivieres\/wp-json\/wp\/v2\/types\/page"}],"author":[{"embeddable":true,"href":"https:\/\/laserplus.ca\/trois-rivieres\/wp-json\/wp\/v2\/users\/2"}],"replies":[{"embeddable":true,"href":"https:\/\/laserplus.ca\/trois-rivieres\/wp-json\/wp\/v2\/comments?post=99"}],"version-history":[{"count":15,"href":"https:\/\/laserplus.ca\/trois-rivieres\/wp-json\/wp\/v2\/pages\/99\/revisions"}],"predecessor-version":[{"id":1385,"href":"https:\/\/laserplus.ca\/trois-rivieres\/wp-json\/wp\/v2\/pages\/99\/revisions\/1385"}],"wp:attachment":[{"href":"https:\/\/laserplus.ca\/trois-rivieres\/wp-json\/wp\/v2\/media?parent=99"}],"curies":[{"name":"wp","href":"https:\/\/api.w.org\/{rel}","templated":true}]}}